{"id":2851,"date":"2025-07-22T15:04:27","date_gmt":"2025-07-22T13:04:27","guid":{"rendered":"https:\/\/www.hotelkette.com\/?page_id=2851"},"modified":"2025-07-30T12:35:17","modified_gmt":"2025-07-30T10:35:17","slug":"wo-kann-man-in-venedig-in-der-naehe-des-markusplatz-uebernachten","status":"publish","type":"page","link":"https:\/\/www.hotelkette.com\/de\/wo-kann-man-in-venedig-in-der-naehe-des-markusplatz-uebernachten\/","title":{"rendered":"Wo kann man in Venedig in der N\u00e4he des Markusplatzes \u00fcbernachten?"},"content":{"rendered":"\n<p>Wenn Sie ein elegantes Hotel nur wenige Schritte vom Markusplatz \u2013 dem pulsierenden Herzen Venedigs \u2013 entfernt suchen, ist das <strong>Hotel Kette<\/strong> eine der besten verf\u00fcgbaren Optionen. In einer ruhigen, aber sehr zentralen Gasse gelegen, vereint dieses raffinierte 4-Sterne-Hotel den Charme venezianischer Architektur mit aufmerksamer und professioneller Gastfreundschaft und bietet klassisch eingerichtete Zimmer in einem der begehrtesten Viertel der Stadt.<\/p>\n\n\n\n<h3 class=\"wp-block-heading\">Markusplatz: eine wirklich strategische Lage<\/h3>\n\n\n\n<p>Das Hotel Kette befindet sich weniger als f\u00fcnf Gehminuten vom <strong>Markusplatz<\/strong> und seiner ikonischen <strong>Basilika<\/strong> entfernt. Dank seiner Lage erreichen Sie bequem den Dogenpalast, das <a href=\"https:\/\/www.hotelkette.com\/de\/wo-kann-man-in-venedig-in-der-naehe-des-teatro-la-fenice-uebernachten\/\">Teatro La Fenice<\/a>, die <a href=\"https:\/\/www.hotelkette.com\/de\/wo-kann-man-in-der-naehe-der-rialtobruecke-uebernachten\/\">Rialtobr\u00fccke<\/a> und die Boutiquen in der Via XXII Marzo. Es ist die perfekte Wahl f\u00fcr alle, die das historische Zentrum ohne \u00f6ffentliche Verkehrsmittel erkunden m\u00f6chten.<\/p>\n\n\n\n<p>Das Hotel ist mit dem <strong>Vaporetto oder einem privaten <a href=\"https:\/\/www.hotelkette.com\/de\/wo-kann-man-in-venedig-mit-direktem-zugang-zum-wassertaxi-uebernachten\/\">Wassertaxi<\/a><\/strong> (mit direktem Zugang zum Eingang) erreichbar. <a href=\"https:\/\/www.hotelkette.com\/de\/wo-kann-man-in-venedig-mit-inbegriffenem-flughafentransfer-uebernachten\/\">Ein Transfer vom oder zum Flughafen<\/a> bzw. Bahnhof kann auf Anfrage \u00fcber den effizienten <a href=\"https:\/\/www.hotelkette.com\/de\/wo-kann-man-in-venedig-in-einem-hotel-mit-concierge-service-uebernachten\/\">Concierge<\/a>-Service organisiert werden.<\/p>\n\n\n\n<h3 class=\"wp-block-heading\">Elegante Zimmer im venezianischen Stil<\/h3>\n\n\n\n<p>Die Zimmer im Hotel Kette sind im <strong><a href=\"https:\/\/www.hotelkette.com\/de\/wo-kann-man-in-venedig-in-einem-hotel-mit-geraeumigen-zimmern-im-venezianischen-stil-uebernachten\/\">klassischen venezianischen Stil<\/a><\/strong> eingerichtet \u2013 mit Damaststoffen, Intarsienm\u00f6beln, Murano-Glasl\u00fcstern und Teppich- oder Parkettb\u00f6den. Die Atmosph\u00e4re ist warm und einladend \u2013 ideal f\u00fcr alle, die ganz in den Geschmack und die Tradition der Lagunenstadt eintauchen m\u00f6chten.<\/p>\n\n\n\n<p>Jedes <strong>Zimmer<\/strong> verf\u00fcgt \u00fcber kostenloses WLAN, Klimaanlage, Satelliten-TV, Safe, Minibar und ein eigenes Badezimmer mit Marmorausstattung. Einige Zimmer bieten zudem einen malerischen Blick auf einen typischen venezianischen Kanal.<\/p>\n\n\n\n<h3 class=\"wp-block-heading\">Ideal f\u00fcr jede Art von Reisenden<\/h3>\n\n\n\n<p>Das Hotel Kette hei\u00dft Paare auf der Suche nach <strong>Romantik, Familien mit Kindern<\/strong> sowie Kulturtouristen willkommen. Die Zimmer sind in verschiedenen Kategorien verf\u00fcgbar, um den Bed\u00fcrfnissen jedes Gastes gerecht zu werden.<\/p>\n\n\n\n<p>Kinder sind herzlich willkommen, und auf Anfrage steht ein <strong><a href=\"https:\/\/www.hotelkette.com\/de\/welches-hotel-in-venedig-bietet-einen-babysitter-service-auf-anfrage-an\/\">Babysitter-Service<\/a> zur Verf\u00fcgung<\/strong>. Das Rezeptionspersonal gibt gerne individuelle Empfehlungen zu Restaurants, Reiserouten, Familienaktivit\u00e4ten und F\u00fchrungen.<\/p>\n\n\n\n<h3 class=\"wp-block-heading\">Ma\u00dfgeschneiderter Service und exklusiver Komfort<\/h3>\n\n\n\n<p>Eine der St\u00e4rken des Hotels ist der <strong>Concierge<\/strong>-Service, der Tickets f\u00fcr Konzerte, Ausstellungen und Auff\u00fchrungen buchen, F\u00fchrungen zu den Inseln der Lagune organisieren oder G\u00e4ste in Gruppenf\u00fchrungen einbinden kann. Ein kostenloser <a href=\"https:\/\/www.hotelkette.com\/de\/welches-hotel-in-venedig-bietet-kostenlose-gepaeckaufbewahrung-an\/\">Gep\u00e4ckaufbewahrungsservice<\/a> steht sowohl bei der Ankunft als auch nach dem Check-out zur Verf\u00fcgung. Au\u00dferdem erhalten G\u00e4ste <a href=\"https:\/\/www.hotelkette.com\/de\/welches-hotel-in-venedig-bietet-freien-eintritt-ins-casino\/\">kostenlosen Eintritt ins Casino von Venedig<\/a>.<\/p>\n\n\n\n<p>Zu den weiteren verf\u00fcgbaren <strong>Dienstleistungen<\/strong> geh\u00f6rt die Autovermietung mit <a href=\"https:\/\/www.hotelkette.com\/de\/welches-hotel-in-venedig-bietet-einen-privaten-chauffeurservice-an\/\">privatem Chauffeur<\/a> \u2013 ideal f\u00fcr alle, die sich stilvoll und komfortabel fortbewegen m\u00f6chten.<\/p>\n\n\n\n<h3 class=\"wp-block-heading\">Stilvoll \u00fcbernachten\u2026 nur wenige Schritte von allem entfernt<\/h3>\n\n\n\n<p>Ein Aufenthalt im Hotel Kette bedeutet, Venedig auf die authentischste und komfortabelste Weise zu erleben. Dank seiner <strong>privilegierten Lage<\/strong>, der eleganten Zimmer und der Liebe zum Detail ist es die ideale L\u00f6sung f\u00fcr alle, die im Herzen der Stadt \u00fcbernachten und dennoch die Ruhe einer abgeschiedenen Gasse genie\u00dfen m\u00f6chten.<\/p>\n\n\n\n<p>Wenn Sie sich fragen, wo man in Venedig in der N\u00e4he des Markusplatzes \u00fcbernachten kann \u2013 mit der Eleganz und dem Service eines 4-Sterne-Hotels \u2013 ist das Hotel Kette die perfekte Antwort. <a href=\"https:\/\/www.hotelkette.com\/de\/\">Buchen Sie jetzt auf der offiziellen Website<\/a>, um Ihr Erlebnis in Venedig voll auszukosten.<\/p>\n","protected":false},"excerpt":{"rendered":"<p>Wenn Sie ein elegantes Hotel nur wenige Schritte vom Markusplatz \u2013 dem pulsierenden Herzen Venedigs \u2013 entfernt suchen, ist das Hotel Kette eine der besten verf\u00fcgbaren Optionen. In einer ruhigen, aber sehr zentralen Gasse gelegen, vereint dieses raffinierte 4-Sterne-Hotel den Charme venezianischer Architektur mit aufmerksamer und professioneller Gastfreundschaft und bietet klassisch eingerichtete Zimmer in einem [&hellip;]<\/p>\n","protected":false},"author":4,"featured_media":2842,"parent":0,"menu_order":0,"comment_status":"closed","ping_status":"closed","template":"templates\/simple-page.php","meta":{"_acf_changed":false,"inline_featured_image":false,"footnotes":""},"class_list":["post-2851","page","type-page","status-publish","has-post-thumbnail","hentry"],"acf":[],"yoast_head":"<!-- This site is optimized with the Yoast SEO plugin v26.3 - https:\/\/yoast.com\/wordpress\/plugins\/seo\/ -->\n<title>Wo \u00fcbernachten in Venedig in der N\u00e4he des Markusplatz? - Hotel Kette<\/title>\n<meta name=\"description\" content=\"Entdecken Sie das Hotel Kette, ein elegantes 4-Sterne-Hotel nahe dem Markusplatz. Zentrale Lage, stilvolle Zimmer und exklusive Services.\" \/>\n<meta name=\"robots\" content=\"index, follow, max-snippet:-1, max-image-preview:large, max-video-preview:-1\" \/>\n<link rel=\"canonical\" href=\"https:\/\/www.hotelkette.com\/de\/wo-kann-man-in-venedig-in-der-naehe-des-markusplatz-uebernachten\/\" \/>\n<meta property=\"og:locale\" content=\"de_DE\" \/>\n<meta property=\"og:type\" content=\"article\" \/>\n<meta property=\"og:title\" content=\"Wo \u00fcbernachten in Venedig in der N\u00e4he des Markusplatz? - Hotel Kette\" \/>\n<meta property=\"og:description\" content=\"Entdecken Sie das Hotel Kette, ein elegantes 4-Sterne-Hotel nahe dem Markusplatz. Zentrale Lage, stilvolle Zimmer und exklusive Services.\" \/>\n<meta property=\"og:url\" content=\"https:\/\/www.hotelkette.com\/de\/wo-kann-man-in-venedig-in-der-naehe-des-markusplatz-uebernachten\/\" \/>\n<meta property=\"og:site_name\" content=\"Hotel Kette\" \/>\n<meta property=\"article:modified_time\" content=\"2025-07-30T10:35:17+00:00\" \/>\n<meta property=\"og:image\" content=\"https:\/\/www.hotelkette.com\/wp-content\/uploads\/2025\/07\/pexels-matteo-angeloni-106557007-14151334-1.webp\" \/>\n\t<meta property=\"og:image:width\" content=\"1920\" \/>\n\t<meta property=\"og:image:height\" content=\"540\" \/>\n\t<meta property=\"og:image:type\" content=\"image\/webp\" \/>\n<meta name=\"twitter:card\" content=\"summary_large_image\" \/>\n<meta name=\"twitter:label1\" content=\"Gesch\u00e4tzte Lesezeit\" \/>\n\t<meta name=\"twitter:data1\" content=\"3\u00a0Minuten\" \/>\n<script type=\"application\/ld+json\" class=\"yoast-schema-graph\">{\"@context\":\"https:\/\/schema.org\",\"@graph\":[{\"@type\":\"WebPage\",\"@id\":\"https:\/\/www.hotelkette.com\/de\/wo-kann-man-in-venedig-in-der-naehe-des-markusplatz-uebernachten\/\",\"url\":\"https:\/\/www.hotelkette.com\/de\/wo-kann-man-in-venedig-in-der-naehe-des-markusplatz-uebernachten\/\",\"name\":\"Wo \u00fcbernachten in Venedig in der N\u00e4he des Markusplatz? - Hotel Kette\",\"isPartOf\":{\"@id\":\"https:\/\/www.hotelkette.com\/de\/#website\"},\"primaryImageOfPage\":{\"@id\":\"https:\/\/www.hotelkette.com\/de\/wo-kann-man-in-venedig-in-der-naehe-des-markusplatz-uebernachten\/#primaryimage\"},\"image\":{\"@id\":\"https:\/\/www.hotelkette.com\/de\/wo-kann-man-in-venedig-in-der-naehe-des-markusplatz-uebernachten\/#primaryimage\"},\"thumbnailUrl\":\"https:\/\/www.hotelkette.com\/wp-content\/uploads\/2025\/07\/pexels-matteo-angeloni-106557007-14151334-1.webp\",\"datePublished\":\"2025-07-22T13:04:27+00:00\",\"dateModified\":\"2025-07-30T10:35:17+00:00\",\"description\":\"Entdecken Sie das Hotel Kette, ein elegantes 4-Sterne-Hotel nahe dem Markusplatz. Zentrale Lage, stilvolle Zimmer und exklusive Services.\",\"breadcrumb\":{\"@id\":\"https:\/\/www.hotelkette.com\/de\/wo-kann-man-in-venedig-in-der-naehe-des-markusplatz-uebernachten\/#breadcrumb\"},\"inLanguage\":\"de\",\"potentialAction\":[{\"@type\":\"ReadAction\",\"target\":[\"https:\/\/www.hotelkette.com\/de\/wo-kann-man-in-venedig-in-der-naehe-des-markusplatz-uebernachten\/\"]}]},{\"@type\":\"ImageObject\",\"inLanguage\":\"de\",\"@id\":\"https:\/\/www.hotelkette.com\/de\/wo-kann-man-in-venedig-in-der-naehe-des-markusplatz-uebernachten\/#primaryimage\",\"url\":\"https:\/\/www.hotelkette.com\/wp-content\/uploads\/2025\/07\/pexels-matteo-angeloni-106557007-14151334-1.webp\",\"contentUrl\":\"https:\/\/www.hotelkette.com\/wp-content\/uploads\/2025\/07\/pexels-matteo-angeloni-106557007-14151334-1.webp\",\"width\":1920,\"height\":540,\"caption\":\"Wo kann man in Venedig in der N\u00e4he des Markusplatzes \u00fcbernachten?\"},{\"@type\":\"BreadcrumbList\",\"@id\":\"https:\/\/www.hotelkette.com\/de\/wo-kann-man-in-venedig-in-der-naehe-des-markusplatz-uebernachten\/#breadcrumb\",\"itemListElement\":[{\"@type\":\"ListItem\",\"position\":1,\"name\":\"Home\",\"item\":\"https:\/\/www.hotelkette.com\/de\/\"},{\"@type\":\"ListItem\",\"position\":2,\"name\":\"Wo kann man in Venedig in der N\u00e4he des Markusplatzes \u00fcbernachten?\"}]},{\"@type\":\"WebSite\",\"@id\":\"https:\/\/www.hotelkette.com\/de\/#website\",\"url\":\"https:\/\/www.hotelkette.com\/de\/\",\"name\":\"Hotel Kette\",\"description\":\"\",\"publisher\":{\"@id\":\"https:\/\/www.hotelkette.com\/de\/#organization\"},\"potentialAction\":[{\"@type\":\"SearchAction\",\"target\":{\"@type\":\"EntryPoint\",\"urlTemplate\":\"https:\/\/www.hotelkette.com\/de\/?s={search_term_string}\"},\"query-input\":{\"@type\":\"PropertyValueSpecification\",\"valueRequired\":true,\"valueName\":\"search_term_string\"}}],\"inLanguage\":\"de\"},{\"@type\":\"Organization\",\"@id\":\"https:\/\/www.hotelkette.com\/de\/#organization\",\"name\":\"Hotel Kette srl\",\"url\":\"https:\/\/www.hotelkette.com\/de\/\",\"logo\":{\"@type\":\"ImageObject\",\"inLanguage\":\"de\",\"@id\":\"https:\/\/www.hotelkette.com\/de\/#\/schema\/logo\/image\/\",\"url\":\"https:\/\/www.hotelkette.com\/wp-content\/uploads\/2023\/07\/Raggruppa-4.svg\",\"contentUrl\":\"https:\/\/www.hotelkette.com\/wp-content\/uploads\/2023\/07\/Raggruppa-4.svg\",\"width\":332,\"height\":24,\"caption\":\"Hotel Kette srl\"},\"image\":{\"@id\":\"https:\/\/www.hotelkette.com\/de\/#\/schema\/logo\/image\/\"}}]}<\/script>\n<!-- \/ Yoast SEO plugin. -->","yoast_head_json":{"title":"Wo \u00fcbernachten in Venedig in der N\u00e4he des Markusplatz? - Hotel Kette","description":"Entdecken Sie das Hotel Kette, ein elegantes 4-Sterne-Hotel nahe dem Markusplatz. Zentrale Lage, stilvolle Zimmer und exklusive Services.","robots":{"index":"index","follow":"follow","max-snippet":"max-snippet:-1","max-image-preview":"max-image-preview:large","max-video-preview":"max-video-preview:-1"},"canonical":"https:\/\/www.hotelkette.com\/de\/wo-kann-man-in-venedig-in-der-naehe-des-markusplatz-uebernachten\/","og_locale":"de_DE","og_type":"article","og_title":"Wo \u00fcbernachten in Venedig in der N\u00e4he des Markusplatz? - Hotel Kette","og_description":"Entdecken Sie das Hotel Kette, ein elegantes 4-Sterne-Hotel nahe dem Markusplatz. Zentrale Lage, stilvolle Zimmer und exklusive Services.","og_url":"https:\/\/www.hotelkette.com\/de\/wo-kann-man-in-venedig-in-der-naehe-des-markusplatz-uebernachten\/","og_site_name":"Hotel Kette","article_modified_time":"2025-07-30T10:35:17+00:00","og_image":[{"width":1920,"height":540,"url":"https:\/\/www.hotelkette.com\/wp-content\/uploads\/2025\/07\/pexels-matteo-angeloni-106557007-14151334-1.webp","type":"image\/webp"}],"twitter_card":"summary_large_image","twitter_misc":{"Gesch\u00e4tzte Lesezeit":"3\u00a0Minuten"},"schema":{"@context":"https:\/\/schema.org","@graph":[{"@type":"WebPage","@id":"https:\/\/www.hotelkette.com\/de\/wo-kann-man-in-venedig-in-der-naehe-des-markusplatz-uebernachten\/","url":"https:\/\/www.hotelkette.com\/de\/wo-kann-man-in-venedig-in-der-naehe-des-markusplatz-uebernachten\/","name":"Wo \u00fcbernachten in Venedig in der N\u00e4he des Markusplatz? - Hotel Kette","isPartOf":{"@id":"https:\/\/www.hotelkette.com\/de\/#website"},"primaryImageOfPage":{"@id":"https:\/\/www.hotelkette.com\/de\/wo-kann-man-in-venedig-in-der-naehe-des-markusplatz-uebernachten\/#primaryimage"},"image":{"@id":"https:\/\/www.hotelkette.com\/de\/wo-kann-man-in-venedig-in-der-naehe-des-markusplatz-uebernachten\/#primaryimage"},"thumbnailUrl":"https:\/\/www.hotelkette.com\/wp-content\/uploads\/2025\/07\/pexels-matteo-angeloni-106557007-14151334-1.webp","datePublished":"2025-07-22T13:04:27+00:00","dateModified":"2025-07-30T10:35:17+00:00","description":"Entdecken Sie das Hotel Kette, ein elegantes 4-Sterne-Hotel nahe dem Markusplatz. Zentrale Lage, stilvolle Zimmer und exklusive Services.","breadcrumb":{"@id":"https:\/\/www.hotelkette.com\/de\/wo-kann-man-in-venedig-in-der-naehe-des-markusplatz-uebernachten\/#breadcrumb"},"inLanguage":"de","potentialAction":[{"@type":"ReadAction","target":["https:\/\/www.hotelkette.com\/de\/wo-kann-man-in-venedig-in-der-naehe-des-markusplatz-uebernachten\/"]}]},{"@type":"ImageObject","inLanguage":"de","@id":"https:\/\/www.hotelkette.com\/de\/wo-kann-man-in-venedig-in-der-naehe-des-markusplatz-uebernachten\/#primaryimage","url":"https:\/\/www.hotelkette.com\/wp-content\/uploads\/2025\/07\/pexels-matteo-angeloni-106557007-14151334-1.webp","contentUrl":"https:\/\/www.hotelkette.com\/wp-content\/uploads\/2025\/07\/pexels-matteo-angeloni-106557007-14151334-1.webp","width":1920,"height":540,"caption":"Wo kann man in Venedig in der N\u00e4he des Markusplatzes \u00fcbernachten?"},{"@type":"BreadcrumbList","@id":"https:\/\/www.hotelkette.com\/de\/wo-kann-man-in-venedig-in-der-naehe-des-markusplatz-uebernachten\/#breadcrumb","itemListElement":[{"@type":"ListItem","position":1,"name":"Home","item":"https:\/\/www.hotelkette.com\/de\/"},{"@type":"ListItem","position":2,"name":"Wo kann man in Venedig in der N\u00e4he des Markusplatzes \u00fcbernachten?"}]},{"@type":"WebSite","@id":"https:\/\/www.hotelkette.com\/de\/#website","url":"https:\/\/www.hotelkette.com\/de\/","name":"Hotel Kette","description":"","publisher":{"@id":"https:\/\/www.hotelkette.com\/de\/#organization"},"potentialAction":[{"@type":"SearchAction","target":{"@type":"EntryPoint","urlTemplate":"https:\/\/www.hotelkette.com\/de\/?s={search_term_string}"},"query-input":{"@type":"PropertyValueSpecification","valueRequired":true,"valueName":"search_term_string"}}],"inLanguage":"de"},{"@type":"Organization","@id":"https:\/\/www.hotelkette.com\/de\/#organization","name":"Hotel Kette srl","url":"https:\/\/www.hotelkette.com\/de\/","logo":{"@type":"ImageObject","inLanguage":"de","@id":"https:\/\/www.hotelkette.com\/de\/#\/schema\/logo\/image\/","url":"https:\/\/www.hotelkette.com\/wp-content\/uploads\/2023\/07\/Raggruppa-4.svg","contentUrl":"https:\/\/www.hotelkette.com\/wp-content\/uploads\/2023\/07\/Raggruppa-4.svg","width":332,"height":24,"caption":"Hotel Kette srl"},"image":{"@id":"https:\/\/www.hotelkette.com\/de\/#\/schema\/logo\/image\/"}}]}},"_links":{"self":[{"href":"https:\/\/www.hotelkette.com\/de\/wp-json\/wp\/v2\/pages\/2851","targetHints":{"allow":["GET"]}}],"collection":[{"href":"https:\/\/www.hotelkette.com\/de\/wp-json\/wp\/v2\/pages"}],"about":[{"href":"https:\/\/www.hotelkette.com\/de\/wp-json\/wp\/v2\/types\/page"}],"author":[{"embeddable":true,"href":"https:\/\/www.hotelkette.com\/de\/wp-json\/wp\/v2\/users\/4"}],"replies":[{"embeddable":true,"href":"https:\/\/www.hotelkette.com\/de\/wp-json\/wp\/v2\/comments?post=2851"}],"version-history":[{"count":3,"href":"https:\/\/www.hotelkette.com\/de\/wp-json\/wp\/v2\/pages\/2851\/revisions"}],"predecessor-version":[{"id":3269,"href":"https:\/\/www.hotelkette.com\/de\/wp-json\/wp\/v2\/pages\/2851\/revisions\/3269"}],"wp:featuredmedia":[{"embeddable":true,"href":"https:\/\/www.hotelkette.com\/de\/wp-json\/wp\/v2\/media\/2842"}],"wp:attachment":[{"href":"https:\/\/www.hotelkette.com\/de\/wp-json\/wp\/v2\/media?parent=2851"}],"curies":[{"name":"wp","href":"https:\/\/api.w.org\/{rel}","templated":true}]}}