{"id":2899,"date":"2025-07-23T09:14:04","date_gmt":"2025-07-23T07:14:04","guid":{"rendered":"https:\/\/www.hotelkette.com\/dove-dormire-a-venezia-vicino-al-teatro-la-fenice\/"},"modified":"2025-07-30T12:45:23","modified_gmt":"2025-07-30T10:45:23","slug":"ou-dormir-a-venise-pres-du-teatro-la-fenice","status":"publish","type":"page","link":"https:\/\/www.hotelkette.com\/fr\/ou-dormir-a-venise-pres-du-teatro-la-fenice\/","title":{"rendered":"O\u00f9 dormir \u00e0 Venise pr\u00e8s du Teatro La Fenice?"},"content":{"rendered":"\n<p>Venise s\u00e9duit non seulement par ses canaux et son histoire mill\u00e9naire, mais aussi par sa sc\u00e8ne culturelle vibrante. Si vous \u00eates passionn\u00e9 d\u2019op\u00e9ra, de th\u00e9\u00e2tre ou d\u2019art, s\u00e9journer pr\u00e8s du c\u00e9l\u00e8bre <strong>Teatro La Fenice<\/strong> est un choix naturel. L\u2019<strong>H\u00f4tel Kette<\/strong>, situ\u00e9 \u00e0 quelques pas du th\u00e9\u00e2tre, repr\u00e9sente une solution id\u00e9ale pour ceux qui souhaitent allier confort, \u00e9l\u00e9gance et emplacement central dans un h\u00f4tel 4 \u00e9toiles.<\/p>\n\n\n\n<h3 class=\"wp-block-heading\">Un h\u00f4tel \u00e0 deux minutes \u00e0 pied du Teatro La Fenice<\/h3>\n\n\n\n<p>Le Teatro La Fenice est l\u2019un des op\u00e9ras les plus <strong>prestigieux<\/strong> au monde. C\u00e9l\u00e8bre pour son histoire mouvement\u00e9e \u2014 d\u00e9truit plusieurs fois et renaissant comme le <strong>ph\u00e9nix mythologique<\/strong> dont il porte le nom \u2014, il est aujourd\u2019hui un symbole de la renaissance culturelle v\u00e9nitienne. L\u2019H\u00f4tel Kette se trouve litt\u00e9ralement \u00e0 deux minutes \u00e0 pied de l\u2019entr\u00e9e principale du th\u00e9\u00e2tre, ce qui en fait un choix parfait pour assister \u00e0 un spectacle en soir\u00e9e sans avoir \u00e0 traverser les ruelles sombres de la ville.<\/p>\n\n\n\n<p>S\u00e9journer pr\u00e8s du th\u00e9\u00e2tre, c\u2019est aussi d\u00e9couvrir une Venise <strong>authentique<\/strong> et raffin\u00e9e, faite de petits caf\u00e9s \u00e9l\u00e9gants, de galeries d\u2019art, de boutiques de mode et de recoins romantiques, loin des zones les plus fr\u00e9quent\u00e9es.<\/p>\n\n\n\n<h3 class=\"wp-block-heading\">Confort et style au c\u0153ur culturel de Venise<\/h3>\n\n\n\n<p>L\u2019H\u00f4tel Kette accueille ses h\u00f4tes dans un <strong>b\u00e2timent historique du XVIe si\u00e8cle<\/strong>, situ\u00e9 dans une ruelle calme mais centralissime. Les chambres, d\u00e9cor\u00e9es dans un <a href=\"https:\/\/www.hotelkette.com\/fr\/ou-dormir-a-venise-dans-un-hotel-avec-des-chambres-spacieuses-de-style-venitien\/\">style v\u00e9nitien classique<\/a>, offrent une atmosph\u00e8re raffin\u00e9e et confortable : tissus pr\u00e9cieux, meubles anciens, lustres en verre de Murano et salles de bain en marbre. Le tout est compl\u00e9t\u00e9 par des \u00e9quipements modernes comme le Wi-Fi gratuit, la climatisation, la t\u00e9l\u00e9vision par satellite, le minibar et le coffre-fort.<\/p>\n\n\n\n<p>Certaines chambres offrent \u00e9galement une vue sur un canal typiquement <strong>v\u00e9nitien<\/strong>, procurant aux h\u00f4tes un d\u00e9cor enchanteur d\u00e8s le r\u00e9veil.<\/p>\n\n\n\n<h3 class=\"wp-block-heading\">Un accueil personnalis\u00e9 pour les amoureux de culture<\/h3>\n\n\n\n<p>Nombreux sont les clients qui choisissent l\u2019H\u00f4tel Kette pour sa proximit\u00e9 avec le Teatro La Fenice et pour l\u2019attention que le personnel porte aux <strong>amateurs<\/strong> <strong>d\u2019art et de spectacle<\/strong>. Le service de <a href=\"https:\/\/www.hotelkette.com\/fr\/ou-dormir-a-venise-dans-un-hotel-avec-service-de-conciergerie\/\">conciergerie<\/a> peut fournir des informations \u00e0 jour sur la programmation du th\u00e9\u00e2tre, r\u00e9server des billets pour des concerts, op\u00e9ras et \u00e9v\u00e9nements culturels, mais aussi conseiller des expositions, mus\u00e9es et itin\u00e9raires moins connus pour d\u00e9couvrir une Venise plus authentique.<\/p>\n\n\n\n<p>De plus, gr\u00e2ce \u00e0 la position centrale de l\u2019h\u00f4tel, il est possible de rejoindre rapidement la <strong><a href=\"https:\/\/www.hotelkette.com\/fr\/ou-dormir-a-venise-pres-de-la-place-saint-marc\/\">place Saint-Marc<\/a>, le Mus\u00e9e Correr, le Palais des Doges et la Basilique Saint-Marc<\/strong>, pour une immersion compl\u00e8te dans la beaut\u00e9 et l\u2019histoire de la ville.<\/p>\n\n\n\n<h3 class=\"wp-block-heading\">Un petit-d\u00e9jeuner parfait avant ou apr\u00e8s le spectacle<\/h3>\n\n\n\n<p>L\u2019H\u00f4tel Kette propose un riche <strong><a href=\"https:\/\/www.hotelkette.com\/fr\/ou-dormir-a-venise-avec-un-petit-dejeuner-copieux\/\">petit-d\u00e9jeuner continental<\/a><\/strong> servi chaque matin dans une salle lumineuse et \u00e9l\u00e9gante. Pour ceux qui assistent \u00e0 un spectacle en soir\u00e9e, le petit-d\u00e9jeuner du lendemain devient un moment de d\u00e9tente, id\u00e9al pour d\u00e9guster un bon caf\u00e9 italien en commentant l\u2019op\u00e9ra de la veille.<\/p>\n\n\n\n<p>Pour ceux qui pr\u00e9f\u00e8rent quelque chose de plus informel dans la <strong>journ\u00e9e<\/strong>, l\u2019h\u00f4tel dispose \u00e9galement d\u2019un coin lounge avec bar \u00e0 snacks, parfait pour un ap\u00e9ritif avant le spectacle ou pour se d\u00e9tendre en fin de soir\u00e9e.<\/p>\n\n\n\n<h3 class=\"wp-block-heading\">Pourquoi choisir un h\u00f4tel dans le centre plut\u00f4t qu\u2019en zone gare ?<\/h3>\n\n\n\n<p>De nombreux visiteurs optent pour des h\u00e9bergements en p\u00e9riph\u00e9rie pour des raisons budg\u00e9taires, mais s\u00e9journer pr\u00e8s du Teatro La Fenice offre des <strong>avantages concrets<\/strong> : profiter de l\u2019atmosph\u00e8re authentique de Venise, r\u00e9duire les temps de d\u00e9placement et pouvoir rentrer \u00e0 pied m\u00eame apr\u00e8s un spectacle en soir\u00e9e. De plus, le quartier est s\u00fbr, tranquille et bien desservi.<\/p>\n\n\n\n<p>Contrairement \u00e0 d\u2019autres zones p\u00e9riph\u00e9riques, le quartier Saint-Marc reste <strong>anim\u00e9 tout en \u00e9tant calme<\/strong> la nuit, offrant un juste \u00e9quilibre entre vie culturelle et repos.<\/p>\n\n\n\n<h3 class=\"wp-block-heading\">Teatro la Fenice: r\u00e9servez votre s\u00e9jour au c\u0153ur culturel de Venise<\/h3>\n\n\n\n<p>Si vous vous demandez o\u00f9 dormir \u00e0 Venise pr\u00e8s du Teatro La Fenice, l\u2019H\u00f4tel Kette est la <strong>r\u00e9ponse<\/strong> id\u00e9ale : \u00e9l\u00e9gance, praticit\u00e9 et service attentionn\u00e9 pour les passionn\u00e9s d\u2019art et de musique. <a href=\"https:\/\/www.hotelkette.com\/fr\/\">R\u00e9servez d\u00e8s maintenant sur le site officiel<\/a> pour b\u00e9n\u00e9ficier du meilleur tarif disponible et vivre une exp\u00e9rience inoubliable au c\u0153ur culturel de Venise.<\/p>\n","protected":false},"excerpt":{"rendered":"<p>Venise s\u00e9duit non seulement par ses canaux et son histoire mill\u00e9naire, mais aussi par sa sc\u00e8ne culturelle vibrante. Si vous \u00eates passionn\u00e9 d\u2019op\u00e9ra, de th\u00e9\u00e2tre ou d\u2019art, s\u00e9journer pr\u00e8s du c\u00e9l\u00e8bre Teatro La Fenice est un choix naturel. L\u2019H\u00f4tel Kette, situ\u00e9 \u00e0 quelques pas du th\u00e9\u00e2tre, repr\u00e9sente une solution id\u00e9ale pour ceux qui souhaitent allier [&hellip;]<\/p>\n","protected":false},"author":4,"featured_media":2879,"parent":0,"menu_order":0,"comment_status":"closed","ping_status":"closed","template":"templates\/simple-page.php","meta":{"_acf_changed":false,"inline_featured_image":false,"footnotes":""},"class_list":["post-2899","page","type-page","status-publish","has-post-thumbnail","hentry"],"acf":[],"yoast_head":"<!-- This site is optimized with the Yoast SEO plugin v26.3 - https:\/\/yoast.com\/wordpress\/plugins\/seo\/ -->\n<title>O\u00f9 dormir \u00e0 Venise pr\u00e8s du Teatro La Fenice? - Hotel Kette<\/title>\n<meta name=\"description\" content=\"H\u00f4tel Kette: \u00e9l\u00e9gant 4 \u00e9toiles \u00e0 deux pas du Teatro La Fenice. Chambres raffin\u00e9es et emplacement id\u00e9al pour les amoureux d\u2019op\u00e9ra \u00e0 Venise.\" \/>\n<meta name=\"robots\" content=\"index, follow, max-snippet:-1, max-image-preview:large, max-video-preview:-1\" \/>\n<link rel=\"canonical\" href=\"https:\/\/www.hotelkette.com\/fr\/ou-dormir-a-venise-pres-du-teatro-la-fenice\/\" \/>\n<meta property=\"og:locale\" content=\"fr_FR\" \/>\n<meta property=\"og:type\" content=\"article\" \/>\n<meta property=\"og:title\" content=\"O\u00f9 dormir \u00e0 Venise pr\u00e8s du Teatro La Fenice? - Hotel Kette\" \/>\n<meta property=\"og:description\" content=\"H\u00f4tel Kette: \u00e9l\u00e9gant 4 \u00e9toiles \u00e0 deux pas du Teatro La Fenice. Chambres raffin\u00e9es et emplacement id\u00e9al pour les amoureux d\u2019op\u00e9ra \u00e0 Venise.\" \/>\n<meta property=\"og:url\" content=\"https:\/\/www.hotelkette.com\/fr\/ou-dormir-a-venise-pres-du-teatro-la-fenice\/\" \/>\n<meta property=\"og:site_name\" content=\"Hotel Kette\" \/>\n<meta property=\"article:modified_time\" content=\"2025-07-30T10:45:23+00:00\" \/>\n<meta property=\"og:image\" content=\"https:\/\/www.hotelkette.com\/wp-content\/uploads\/2025\/07\/Dove-dormire-vicino-al-Teatro-della-Fenice.webp\" \/>\n\t<meta property=\"og:image:width\" content=\"1920\" \/>\n\t<meta property=\"og:image:height\" content=\"540\" \/>\n\t<meta property=\"og:image:type\" content=\"image\/webp\" \/>\n<meta name=\"twitter:card\" content=\"summary_large_image\" \/>\n<meta name=\"twitter:label1\" content=\"Dur\u00e9e de lecture estim\u00e9e\" \/>\n\t<meta name=\"twitter:data1\" content=\"4 minutes\" \/>\n<script type=\"application\/ld+json\" class=\"yoast-schema-graph\">{\"@context\":\"https:\/\/schema.org\",\"@graph\":[{\"@type\":\"WebPage\",\"@id\":\"https:\/\/www.hotelkette.com\/fr\/ou-dormir-a-venise-pres-du-teatro-la-fenice\/\",\"url\":\"https:\/\/www.hotelkette.com\/fr\/ou-dormir-a-venise-pres-du-teatro-la-fenice\/\",\"name\":\"O\u00f9 dormir \u00e0 Venise pr\u00e8s du Teatro La Fenice? - Hotel Kette\",\"isPartOf\":{\"@id\":\"https:\/\/www.hotelkette.com\/fr\/#website\"},\"primaryImageOfPage\":{\"@id\":\"https:\/\/www.hotelkette.com\/fr\/ou-dormir-a-venise-pres-du-teatro-la-fenice\/#primaryimage\"},\"image\":{\"@id\":\"https:\/\/www.hotelkette.com\/fr\/ou-dormir-a-venise-pres-du-teatro-la-fenice\/#primaryimage\"},\"thumbnailUrl\":\"https:\/\/www.hotelkette.com\/wp-content\/uploads\/2025\/07\/Dove-dormire-vicino-al-Teatro-della-Fenice.webp\",\"datePublished\":\"2025-07-23T07:14:04+00:00\",\"dateModified\":\"2025-07-30T10:45:23+00:00\",\"description\":\"H\u00f4tel Kette: \u00e9l\u00e9gant 4 \u00e9toiles \u00e0 deux pas du Teatro La Fenice. Chambres raffin\u00e9es et emplacement id\u00e9al pour les amoureux d\u2019op\u00e9ra \u00e0 Venise.\",\"breadcrumb\":{\"@id\":\"https:\/\/www.hotelkette.com\/fr\/ou-dormir-a-venise-pres-du-teatro-la-fenice\/#breadcrumb\"},\"inLanguage\":\"fr-FR\",\"potentialAction\":[{\"@type\":\"ReadAction\",\"target\":[\"https:\/\/www.hotelkette.com\/fr\/ou-dormir-a-venise-pres-du-teatro-la-fenice\/\"]}]},{\"@type\":\"ImageObject\",\"inLanguage\":\"fr-FR\",\"@id\":\"https:\/\/www.hotelkette.com\/fr\/ou-dormir-a-venise-pres-du-teatro-la-fenice\/#primaryimage\",\"url\":\"https:\/\/www.hotelkette.com\/wp-content\/uploads\/2025\/07\/Dove-dormire-vicino-al-Teatro-della-Fenice.webp\",\"contentUrl\":\"https:\/\/www.hotelkette.com\/wp-content\/uploads\/2025\/07\/Dove-dormire-vicino-al-Teatro-della-Fenice.webp\",\"width\":1920,\"height\":540,\"caption\":\"O\u00f9 dormir \u00e0 Venise pr\u00e8s du Teatro La Fenice?\"},{\"@type\":\"BreadcrumbList\",\"@id\":\"https:\/\/www.hotelkette.com\/fr\/ou-dormir-a-venise-pres-du-teatro-la-fenice\/#breadcrumb\",\"itemListElement\":[{\"@type\":\"ListItem\",\"position\":1,\"name\":\"Home\",\"item\":\"https:\/\/www.hotelkette.com\/fr\/\"},{\"@type\":\"ListItem\",\"position\":2,\"name\":\"O\u00f9 dormir \u00e0 Venise pr\u00e8s du Teatro La Fenice?\"}]},{\"@type\":\"WebSite\",\"@id\":\"https:\/\/www.hotelkette.com\/fr\/#website\",\"url\":\"https:\/\/www.hotelkette.com\/fr\/\",\"name\":\"Hotel Kette\",\"description\":\"\",\"publisher\":{\"@id\":\"https:\/\/www.hotelkette.com\/fr\/#organization\"},\"potentialAction\":[{\"@type\":\"SearchAction\",\"target\":{\"@type\":\"EntryPoint\",\"urlTemplate\":\"https:\/\/www.hotelkette.com\/fr\/?s={search_term_string}\"},\"query-input\":{\"@type\":\"PropertyValueSpecification\",\"valueRequired\":true,\"valueName\":\"search_term_string\"}}],\"inLanguage\":\"fr-FR\"},{\"@type\":\"Organization\",\"@id\":\"https:\/\/www.hotelkette.com\/fr\/#organization\",\"name\":\"Hotel Kette srl\",\"url\":\"https:\/\/www.hotelkette.com\/fr\/\",\"logo\":{\"@type\":\"ImageObject\",\"inLanguage\":\"fr-FR\",\"@id\":\"https:\/\/www.hotelkette.com\/fr\/#\/schema\/logo\/image\/\",\"url\":\"https:\/\/www.hotelkette.com\/wp-content\/uploads\/2023\/07\/Raggruppa-4.svg\",\"contentUrl\":\"https:\/\/www.hotelkette.com\/wp-content\/uploads\/2023\/07\/Raggruppa-4.svg\",\"width\":332,\"height\":24,\"caption\":\"Hotel Kette srl\"},\"image\":{\"@id\":\"https:\/\/www.hotelkette.com\/fr\/#\/schema\/logo\/image\/\"}}]}<\/script>\n<!-- \/ Yoast SEO plugin. -->","yoast_head_json":{"title":"O\u00f9 dormir \u00e0 Venise pr\u00e8s du Teatro La Fenice? - Hotel Kette","description":"H\u00f4tel Kette: \u00e9l\u00e9gant 4 \u00e9toiles \u00e0 deux pas du Teatro La Fenice. Chambres raffin\u00e9es et emplacement id\u00e9al pour les amoureux d\u2019op\u00e9ra \u00e0 Venise.","robots":{"index":"index","follow":"follow","max-snippet":"max-snippet:-1","max-image-preview":"max-image-preview:large","max-video-preview":"max-video-preview:-1"},"canonical":"https:\/\/www.hotelkette.com\/fr\/ou-dormir-a-venise-pres-du-teatro-la-fenice\/","og_locale":"fr_FR","og_type":"article","og_title":"O\u00f9 dormir \u00e0 Venise pr\u00e8s du Teatro La Fenice? - Hotel Kette","og_description":"H\u00f4tel Kette: \u00e9l\u00e9gant 4 \u00e9toiles \u00e0 deux pas du Teatro La Fenice. Chambres raffin\u00e9es et emplacement id\u00e9al pour les amoureux d\u2019op\u00e9ra \u00e0 Venise.","og_url":"https:\/\/www.hotelkette.com\/fr\/ou-dormir-a-venise-pres-du-teatro-la-fenice\/","og_site_name":"Hotel Kette","article_modified_time":"2025-07-30T10:45:23+00:00","og_image":[{"width":1920,"height":540,"url":"https:\/\/www.hotelkette.com\/wp-content\/uploads\/2025\/07\/Dove-dormire-vicino-al-Teatro-della-Fenice.webp","type":"image\/webp"}],"twitter_card":"summary_large_image","twitter_misc":{"Dur\u00e9e de lecture estim\u00e9e":"4 minutes"},"schema":{"@context":"https:\/\/schema.org","@graph":[{"@type":"WebPage","@id":"https:\/\/www.hotelkette.com\/fr\/ou-dormir-a-venise-pres-du-teatro-la-fenice\/","url":"https:\/\/www.hotelkette.com\/fr\/ou-dormir-a-venise-pres-du-teatro-la-fenice\/","name":"O\u00f9 dormir \u00e0 Venise pr\u00e8s du Teatro La Fenice? - Hotel Kette","isPartOf":{"@id":"https:\/\/www.hotelkette.com\/fr\/#website"},"primaryImageOfPage":{"@id":"https:\/\/www.hotelkette.com\/fr\/ou-dormir-a-venise-pres-du-teatro-la-fenice\/#primaryimage"},"image":{"@id":"https:\/\/www.hotelkette.com\/fr\/ou-dormir-a-venise-pres-du-teatro-la-fenice\/#primaryimage"},"thumbnailUrl":"https:\/\/www.hotelkette.com\/wp-content\/uploads\/2025\/07\/Dove-dormire-vicino-al-Teatro-della-Fenice.webp","datePublished":"2025-07-23T07:14:04+00:00","dateModified":"2025-07-30T10:45:23+00:00","description":"H\u00f4tel Kette: \u00e9l\u00e9gant 4 \u00e9toiles \u00e0 deux pas du Teatro La Fenice. Chambres raffin\u00e9es et emplacement id\u00e9al pour les amoureux d\u2019op\u00e9ra \u00e0 Venise.","breadcrumb":{"@id":"https:\/\/www.hotelkette.com\/fr\/ou-dormir-a-venise-pres-du-teatro-la-fenice\/#breadcrumb"},"inLanguage":"fr-FR","potentialAction":[{"@type":"ReadAction","target":["https:\/\/www.hotelkette.com\/fr\/ou-dormir-a-venise-pres-du-teatro-la-fenice\/"]}]},{"@type":"ImageObject","inLanguage":"fr-FR","@id":"https:\/\/www.hotelkette.com\/fr\/ou-dormir-a-venise-pres-du-teatro-la-fenice\/#primaryimage","url":"https:\/\/www.hotelkette.com\/wp-content\/uploads\/2025\/07\/Dove-dormire-vicino-al-Teatro-della-Fenice.webp","contentUrl":"https:\/\/www.hotelkette.com\/wp-content\/uploads\/2025\/07\/Dove-dormire-vicino-al-Teatro-della-Fenice.webp","width":1920,"height":540,"caption":"O\u00f9 dormir \u00e0 Venise pr\u00e8s du Teatro La Fenice?"},{"@type":"BreadcrumbList","@id":"https:\/\/www.hotelkette.com\/fr\/ou-dormir-a-venise-pres-du-teatro-la-fenice\/#breadcrumb","itemListElement":[{"@type":"ListItem","position":1,"name":"Home","item":"https:\/\/www.hotelkette.com\/fr\/"},{"@type":"ListItem","position":2,"name":"O\u00f9 dormir \u00e0 Venise pr\u00e8s du Teatro La Fenice?"}]},{"@type":"WebSite","@id":"https:\/\/www.hotelkette.com\/fr\/#website","url":"https:\/\/www.hotelkette.com\/fr\/","name":"Hotel Kette","description":"","publisher":{"@id":"https:\/\/www.hotelkette.com\/fr\/#organization"},"potentialAction":[{"@type":"SearchAction","target":{"@type":"EntryPoint","urlTemplate":"https:\/\/www.hotelkette.com\/fr\/?s={search_term_string}"},"query-input":{"@type":"PropertyValueSpecification","valueRequired":true,"valueName":"search_term_string"}}],"inLanguage":"fr-FR"},{"@type":"Organization","@id":"https:\/\/www.hotelkette.com\/fr\/#organization","name":"Hotel Kette srl","url":"https:\/\/www.hotelkette.com\/fr\/","logo":{"@type":"ImageObject","inLanguage":"fr-FR","@id":"https:\/\/www.hotelkette.com\/fr\/#\/schema\/logo\/image\/","url":"https:\/\/www.hotelkette.com\/wp-content\/uploads\/2023\/07\/Raggruppa-4.svg","contentUrl":"https:\/\/www.hotelkette.com\/wp-content\/uploads\/2023\/07\/Raggruppa-4.svg","width":332,"height":24,"caption":"Hotel Kette srl"},"image":{"@id":"https:\/\/www.hotelkette.com\/fr\/#\/schema\/logo\/image\/"}}]}},"_links":{"self":[{"href":"https:\/\/www.hotelkette.com\/fr\/wp-json\/wp\/v2\/pages\/2899","targetHints":{"allow":["GET"]}}],"collection":[{"href":"https:\/\/www.hotelkette.com\/fr\/wp-json\/wp\/v2\/pages"}],"about":[{"href":"https:\/\/www.hotelkette.com\/fr\/wp-json\/wp\/v2\/types\/page"}],"author":[{"embeddable":true,"href":"https:\/\/www.hotelkette.com\/fr\/wp-json\/wp\/v2\/users\/4"}],"replies":[{"embeddable":true,"href":"https:\/\/www.hotelkette.com\/fr\/wp-json\/wp\/v2\/comments?post=2899"}],"version-history":[{"count":2,"href":"https:\/\/www.hotelkette.com\/fr\/wp-json\/wp\/v2\/pages\/2899\/revisions"}],"predecessor-version":[{"id":3278,"href":"https:\/\/www.hotelkette.com\/fr\/wp-json\/wp\/v2\/pages\/2899\/revisions\/3278"}],"wp:featuredmedia":[{"embeddable":true,"href":"https:\/\/www.hotelkette.com\/fr\/wp-json\/wp\/v2\/media\/2879"}],"wp:attachment":[{"href":"https:\/\/www.hotelkette.com\/fr\/wp-json\/wp\/v2\/media?parent=2899"}],"curies":[{"name":"wp","href":"https:\/\/api.w.org\/{rel}","templated":true}]}}