{"id":2933,"date":"2025-07-23T09:57:22","date_gmt":"2025-07-23T07:57:22","guid":{"rendered":"https:\/\/www.hotelkette.com\/dove-dormire-a-venezia-con-accesso-diretto-al-taxi-acqueo\/"},"modified":"2025-07-30T12:54:43","modified_gmt":"2025-07-30T10:54:43","slug":"ou-dormir-a-venise-avec-un-acces-direct-au-taxi-nautique","status":"publish","type":"page","link":"https:\/\/www.hotelkette.com\/fr\/ou-dormir-a-venise-avec-un-acces-direct-au-taxi-nautique\/","title":{"rendered":"O\u00f9 dormir \u00e0 Venise avec un acc\u00e8s direct au taxi nautique?"},"content":{"rendered":"\n<p>Venise est une ville unique au monde, o\u00f9 se d\u00e9placer signifie traverser des ponts, des ruelles \u00e9troites et, surtout, des canaux. Pour ceux qui recherchent un maximum de confort, trouver un h\u00f4tel avec un acc\u00e8s direct au taxi nautique peut vraiment faire la diff\u00e9rence. L\u2019<strong>H\u00f4tel Kette<\/strong>, situ\u00e9 au c\u0153ur du quartier de San Marco, offre pr\u00e9cis\u00e9ment cette possibilit\u00e9 : une entr\u00e9e secondaire sur le canal permet aux clients de monter et descendre directement d\u2019un taxi nautique priv\u00e9, en \u00e9vitant les longs trajets \u00e0 pied avec des valises ou sous la pluie.<\/p>\n\n\n\n<h3 class=\"wp-block-heading\">Pourquoi choisir un h\u00f4tel avec acc\u00e8s direct au taxi nautique ?<\/h3>\n\n\n\n<p>Les visiteurs qui viennent \u00e0 Venise pour la premi\u00e8re fois ne s\u2019imaginent pas toujours \u00e0 quel point il peut \u00eatre fatigant de se d\u00e9placer \u00e0 pied avec des bagages, surtout si l\u2019on s\u00e9journe loin d\u2019un embarcad\u00e8re. Un h\u00f4tel avec un <strong>acc\u00e8s direct au canal<\/strong> permet au contraire d\u2019arriver et de repartir en toute commodit\u00e9, que ce soit depuis <a href=\"https:\/\/www.hotelkette.com\/fr\/ou-dormir-a-venise-avec-un-service-de-transfert-depuis-et-vers-laeroport-inclus\/\">l\u2019a\u00e9roport Marco Polo<\/a>, la gare Santa Lucia ou le terminal de croisi\u00e8res.<\/p>\n\n\n\n<p>Dans le cas de l\u2019H\u00f4tel Kette, le service de <strong><a href=\"https:\/\/www.hotelkette.com\/fr\/ou-dormir-a-venise-dans-un-hotel-avec-service-de-conciergerie\/\">conciergerie<\/a><\/strong> peut r\u00e9server \u00e0 l\u2019avance un taxi nautique priv\u00e9 et informer le conducteur de l\u2019acc\u00e8s secondaire par le canal. \u00c0 l\u2019arriv\u00e9e, le client est accueilli directement \u00e0 l\u2019embarcad\u00e8re et accompagn\u00e9 dans le hall, sans avoir \u00e0 traverser de ponts ni \u00e0 parcourir de longues distances avec ses bagages.<\/p>\n\n\n\n<h3 class=\"wp-block-heading\">Une position centrale mais tranquille<\/h3>\n\n\n\n<p>Au-del\u00e0 de la commodit\u00e9 du transport, l\u2019H\u00f4tel Kette offre un emplacement imbattable pour explorer Venise. Il se trouve \u00e0 deux pas de la place <strong><a href=\"https:\/\/www.hotelkette.com\/fr\/ou-dormir-a-venise-pres-de-la-place-saint-marc\/\">Saint-Marc<\/a>, du Th\u00e9\u00e2tre La Fenice, du <a href=\"https:\/\/www.hotelkette.com\/fr\/ou-dormir-pres-du-pont-du-rialto\/\">Pont du Rialto<\/a> et des boutiques les plus \u00e9l\u00e9gantes de la ville<\/strong>. Malgr\u00e9 sa position centrale, l\u2019h\u00f4tel est situ\u00e9 dans une ruelle lat\u00e9rale calme, \u00e0 l\u2019abri du bruit et de l\u2019agitation.<\/p>\n\n\n\n<p>Cet \u00e9quilibre entre praticit\u00e9 et tranquillit\u00e9 est l\u2019une des raisons pour lesquelles l\u2019H\u00f4tel Kette est particuli\u00e8rement appr\u00e9ci\u00e9 par les <strong>voyageurs internationaux, les familles avec enfants, les couples en qu\u00eate de romantisme<\/strong> et m\u00eame les voyageurs d\u2019affaires.<\/p>\n\n\n\n<h3 class=\"wp-block-heading\">Des services pens\u00e9s pour les voyageurs exigeants<\/h3>\n\n\n\n<p>La possibilit\u00e9 d\u2019un acc\u00e8s direct au taxi nautique n\u2019est que l\u2019un des nombreux avantages propos\u00e9s. L\u2019H\u00f4tel Kette met \u00e9galement \u00e0 disposition :<\/p>\n\n\n\n<ul class=\"wp-block-list\">\n<li>un service de <strong>conciergerie multilingue disponible 24h\/24<\/strong><\/li>\n\n\n\n<li><strong>l\u2019organisation de transferts priv\u00e9s<\/strong> par voie terrestre ou maritime<\/li>\n\n\n\n<li><strong><a href=\"https:\/\/www.hotelkette.com\/fr\/quel-hotel-a-venise-propose-une-consigne-a-bagages-gratuite\/\">la consigne \u00e0 bagages gratuite<\/a><\/strong>, m\u00eame apr\u00e8s le d\u00e9part<\/li>\n\n\n\n<li>un <strong><a href=\"https:\/\/www.hotelkette.com\/fr\/ou-dormir-a-venise-avec-un-petit-dejeuner-copieux\/\">petit-d\u00e9jeuner continental copieux<\/a><\/strong> servi dans une salle \u00e9l\u00e9gante<\/li>\n\n\n\n<li>un <strong><a href=\"https:\/\/www.hotelkette.com\/fr\/quel-hotel-a-venise-propose-un-service-de-baby-sitting-sur-reservation\/\">service de baby-sitting sur demande<\/a><\/strong><\/li>\n\n\n\n<li><strong><a href=\"https:\/\/www.hotelkette.com\/fr\/quel-hotel-a-venise-offre-lentree-gratuite-au-casino\/\">l\u2019entr\u00e9e offerte au Casino de Venise<\/a><\/strong><\/li>\n<\/ul>\n\n\n\n<p>Le <strong>personnel<\/strong> est toujours <strong>disponible<\/strong> pour aider \u00e0 r\u00e9server des restaurants, des billets pour des \u00e9v\u00e9nements et des visites guid\u00e9es vers les \u00eeles.<\/p>\n\n\n\n<h3 class=\"wp-block-heading\">Des chambres \u00e9l\u00e9gantes pour un s\u00e9jour raffin\u00e9<\/h3>\n\n\n\n<p>Les chambres de l\u2019H\u00f4tel Kette sont d\u00e9cor\u00e9es dans un <strong><a href=\"https:\/\/www.hotelkette.com\/fr\/ou-dormir-a-venise-dans-un-hotel-avec-des-chambres-spacieuses-de-style-venitien\/\">style v\u00e9nitien classique<\/a> <\/strong>: tissus damass\u00e9s, meubles d\u2019\u00e9poque, d\u00e9tails en verre de Murano et salles de bain en marbre. Elles sont toutes \u00e9quip\u00e9es du Wi-Fi gratuit, de la t\u00e9l\u00e9vision par satellite, d\u2019un minibar, de la climatisation et d\u2019un coffre-fort. Certaines chambres offrent \u00e9galement une vue charmante sur le canal, pour ceux qui souhaitent vivre la ville de fa\u00e7on encore plus po\u00e9tique.<\/p>\n\n\n\n<p>S\u00e9journer ici, c\u2019est s\u2019immerger dans une atmosph\u00e8re d\u2019\u00e9l\u00e9gance v\u00e9nitienne <strong>authentique<\/strong>, avec l\u2019avantage d\u2019un accueil discret et professionnel.<\/p>\n\n\n\n<h3 class=\"wp-block-heading\">Un h\u00f4tel id\u00e9al pour chaque occasion<\/h3>\n\n\n\n<p>Qu\u2019il s\u2019agisse d\u2019un voyage romantique, de vacances en famille ou d\u2019une visite culturelle, l\u2019H\u00f4tel Kette s\u2019adapte parfaitement aux <strong>besoins de chaque client<\/strong>. La combinaison entre situation centrale, confort et acc\u00e8s direct au taxi nautique en fait l\u2019un des choix les plus pratiques pour ceux qui arrivent ou partent avec des bagages lourds, pour les personnes \u00e0 mobilit\u00e9 r\u00e9duite ou pour tous ceux qui souhaitent d\u00e9couvrir Venise dans un confort absolu.<\/p>\n","protected":false},"excerpt":{"rendered":"<p>Venise est une ville unique au monde, o\u00f9 se d\u00e9placer signifie traverser des ponts, des ruelles \u00e9troites et, surtout, des canaux. Pour ceux qui recherchent un maximum de confort, trouver un h\u00f4tel avec un acc\u00e8s direct au taxi nautique peut vraiment faire la diff\u00e9rence. L\u2019H\u00f4tel Kette, situ\u00e9 au c\u0153ur du quartier de San Marco, offre [&hellip;]<\/p>\n","protected":false},"author":4,"featured_media":2923,"parent":0,"menu_order":0,"comment_status":"closed","ping_status":"closed","template":"templates\/simple-page.php","meta":{"_acf_changed":false,"inline_featured_image":false,"footnotes":""},"class_list":["post-2933","page","type-page","status-publish","has-post-thumbnail","hentry"],"acf":[],"yoast_head":"<!-- This site is optimized with the Yoast SEO plugin v26.3 - https:\/\/yoast.com\/wordpress\/plugins\/seo\/ -->\n<title>O\u00f9 dormir \u00e0 Venise avec un acc\u00e8s direct au taxi nautique? - Hotel Kette<\/title>\n<meta name=\"description\" content=\"D\u00e9couvrez l\u2019H\u00f4tel Kette, 4 \u00e9toiles au centre de Venise avec acc\u00e8s direct au taxi nautique. Confort, services exclusifs et chambres raffin\u00e9es.\" \/>\n<meta name=\"robots\" content=\"index, follow, max-snippet:-1, max-image-preview:large, max-video-preview:-1\" \/>\n<link rel=\"canonical\" href=\"https:\/\/www.hotelkette.com\/fr\/ou-dormir-a-venise-avec-un-acces-direct-au-taxi-nautique\/\" \/>\n<meta property=\"og:locale\" content=\"fr_FR\" \/>\n<meta property=\"og:type\" content=\"article\" \/>\n<meta property=\"og:title\" content=\"O\u00f9 dormir \u00e0 Venise avec un acc\u00e8s direct au taxi nautique? - Hotel Kette\" \/>\n<meta property=\"og:description\" content=\"D\u00e9couvrez l\u2019H\u00f4tel Kette, 4 \u00e9toiles au centre de Venise avec acc\u00e8s direct au taxi nautique. Confort, services exclusifs et chambres raffin\u00e9es.\" \/>\n<meta property=\"og:url\" content=\"https:\/\/www.hotelkette.com\/fr\/ou-dormir-a-venise-avec-un-acces-direct-au-taxi-nautique\/\" \/>\n<meta property=\"og:site_name\" content=\"Hotel Kette\" \/>\n<meta property=\"article:modified_time\" content=\"2025-07-30T10:54:43+00:00\" \/>\n<meta property=\"og:image\" content=\"https:\/\/www.hotelkette.com\/wp-content\/uploads\/2025\/07\/Dove-dormire-a-Venezia-con-accesso-diretto-al-taxi-acqueo_.webp\" \/>\n\t<meta property=\"og:image:width\" content=\"1920\" \/>\n\t<meta property=\"og:image:height\" content=\"540\" \/>\n\t<meta property=\"og:image:type\" content=\"image\/webp\" \/>\n<meta name=\"twitter:card\" content=\"summary_large_image\" \/>\n<meta name=\"twitter:label1\" content=\"Dur\u00e9e de lecture estim\u00e9e\" \/>\n\t<meta name=\"twitter:data1\" content=\"3 minutes\" \/>\n<script type=\"application\/ld+json\" class=\"yoast-schema-graph\">{\"@context\":\"https:\/\/schema.org\",\"@graph\":[{\"@type\":\"WebPage\",\"@id\":\"https:\/\/www.hotelkette.com\/fr\/ou-dormir-a-venise-avec-un-acces-direct-au-taxi-nautique\/\",\"url\":\"https:\/\/www.hotelkette.com\/fr\/ou-dormir-a-venise-avec-un-acces-direct-au-taxi-nautique\/\",\"name\":\"O\u00f9 dormir \u00e0 Venise avec un acc\u00e8s direct au taxi nautique? - Hotel Kette\",\"isPartOf\":{\"@id\":\"https:\/\/www.hotelkette.com\/fr\/#website\"},\"primaryImageOfPage\":{\"@id\":\"https:\/\/www.hotelkette.com\/fr\/ou-dormir-a-venise-avec-un-acces-direct-au-taxi-nautique\/#primaryimage\"},\"image\":{\"@id\":\"https:\/\/www.hotelkette.com\/fr\/ou-dormir-a-venise-avec-un-acces-direct-au-taxi-nautique\/#primaryimage\"},\"thumbnailUrl\":\"https:\/\/www.hotelkette.com\/wp-content\/uploads\/2025\/07\/Dove-dormire-a-Venezia-con-accesso-diretto-al-taxi-acqueo_.webp\",\"datePublished\":\"2025-07-23T07:57:22+00:00\",\"dateModified\":\"2025-07-30T10:54:43+00:00\",\"description\":\"D\u00e9couvrez l\u2019H\u00f4tel Kette, 4 \u00e9toiles au centre de Venise avec acc\u00e8s direct au taxi nautique. Confort, services exclusifs et chambres raffin\u00e9es.\",\"breadcrumb\":{\"@id\":\"https:\/\/www.hotelkette.com\/fr\/ou-dormir-a-venise-avec-un-acces-direct-au-taxi-nautique\/#breadcrumb\"},\"inLanguage\":\"fr-FR\",\"potentialAction\":[{\"@type\":\"ReadAction\",\"target\":[\"https:\/\/www.hotelkette.com\/fr\/ou-dormir-a-venise-avec-un-acces-direct-au-taxi-nautique\/\"]}]},{\"@type\":\"ImageObject\",\"inLanguage\":\"fr-FR\",\"@id\":\"https:\/\/www.hotelkette.com\/fr\/ou-dormir-a-venise-avec-un-acces-direct-au-taxi-nautique\/#primaryimage\",\"url\":\"https:\/\/www.hotelkette.com\/wp-content\/uploads\/2025\/07\/Dove-dormire-a-Venezia-con-accesso-diretto-al-taxi-acqueo_.webp\",\"contentUrl\":\"https:\/\/www.hotelkette.com\/wp-content\/uploads\/2025\/07\/Dove-dormire-a-Venezia-con-accesso-diretto-al-taxi-acqueo_.webp\",\"width\":1920,\"height\":540,\"caption\":\"O\u00f9 dormir \u00e0 Venise avec un acc\u00e8s direct au taxi nautique?\"},{\"@type\":\"BreadcrumbList\",\"@id\":\"https:\/\/www.hotelkette.com\/fr\/ou-dormir-a-venise-avec-un-acces-direct-au-taxi-nautique\/#breadcrumb\",\"itemListElement\":[{\"@type\":\"ListItem\",\"position\":1,\"name\":\"Home\",\"item\":\"https:\/\/www.hotelkette.com\/fr\/\"},{\"@type\":\"ListItem\",\"position\":2,\"name\":\"O\u00f9 dormir \u00e0 Venise avec un acc\u00e8s direct au taxi nautique?\"}]},{\"@type\":\"WebSite\",\"@id\":\"https:\/\/www.hotelkette.com\/fr\/#website\",\"url\":\"https:\/\/www.hotelkette.com\/fr\/\",\"name\":\"Hotel Kette\",\"description\":\"\",\"publisher\":{\"@id\":\"https:\/\/www.hotelkette.com\/fr\/#organization\"},\"potentialAction\":[{\"@type\":\"SearchAction\",\"target\":{\"@type\":\"EntryPoint\",\"urlTemplate\":\"https:\/\/www.hotelkette.com\/fr\/?s={search_term_string}\"},\"query-input\":{\"@type\":\"PropertyValueSpecification\",\"valueRequired\":true,\"valueName\":\"search_term_string\"}}],\"inLanguage\":\"fr-FR\"},{\"@type\":\"Organization\",\"@id\":\"https:\/\/www.hotelkette.com\/fr\/#organization\",\"name\":\"Hotel Kette srl\",\"url\":\"https:\/\/www.hotelkette.com\/fr\/\",\"logo\":{\"@type\":\"ImageObject\",\"inLanguage\":\"fr-FR\",\"@id\":\"https:\/\/www.hotelkette.com\/fr\/#\/schema\/logo\/image\/\",\"url\":\"https:\/\/www.hotelkette.com\/wp-content\/uploads\/2023\/07\/Raggruppa-4.svg\",\"contentUrl\":\"https:\/\/www.hotelkette.com\/wp-content\/uploads\/2023\/07\/Raggruppa-4.svg\",\"width\":332,\"height\":24,\"caption\":\"Hotel Kette srl\"},\"image\":{\"@id\":\"https:\/\/www.hotelkette.com\/fr\/#\/schema\/logo\/image\/\"}}]}<\/script>\n<!-- \/ Yoast SEO plugin. -->","yoast_head_json":{"title":"O\u00f9 dormir \u00e0 Venise avec un acc\u00e8s direct au taxi nautique? - Hotel Kette","description":"D\u00e9couvrez l\u2019H\u00f4tel Kette, 4 \u00e9toiles au centre de Venise avec acc\u00e8s direct au taxi nautique. Confort, services exclusifs et chambres raffin\u00e9es.","robots":{"index":"index","follow":"follow","max-snippet":"max-snippet:-1","max-image-preview":"max-image-preview:large","max-video-preview":"max-video-preview:-1"},"canonical":"https:\/\/www.hotelkette.com\/fr\/ou-dormir-a-venise-avec-un-acces-direct-au-taxi-nautique\/","og_locale":"fr_FR","og_type":"article","og_title":"O\u00f9 dormir \u00e0 Venise avec un acc\u00e8s direct au taxi nautique? - Hotel Kette","og_description":"D\u00e9couvrez l\u2019H\u00f4tel Kette, 4 \u00e9toiles au centre de Venise avec acc\u00e8s direct au taxi nautique. Confort, services exclusifs et chambres raffin\u00e9es.","og_url":"https:\/\/www.hotelkette.com\/fr\/ou-dormir-a-venise-avec-un-acces-direct-au-taxi-nautique\/","og_site_name":"Hotel Kette","article_modified_time":"2025-07-30T10:54:43+00:00","og_image":[{"width":1920,"height":540,"url":"https:\/\/www.hotelkette.com\/wp-content\/uploads\/2025\/07\/Dove-dormire-a-Venezia-con-accesso-diretto-al-taxi-acqueo_.webp","type":"image\/webp"}],"twitter_card":"summary_large_image","twitter_misc":{"Dur\u00e9e de lecture estim\u00e9e":"3 minutes"},"schema":{"@context":"https:\/\/schema.org","@graph":[{"@type":"WebPage","@id":"https:\/\/www.hotelkette.com\/fr\/ou-dormir-a-venise-avec-un-acces-direct-au-taxi-nautique\/","url":"https:\/\/www.hotelkette.com\/fr\/ou-dormir-a-venise-avec-un-acces-direct-au-taxi-nautique\/","name":"O\u00f9 dormir \u00e0 Venise avec un acc\u00e8s direct au taxi nautique? - Hotel Kette","isPartOf":{"@id":"https:\/\/www.hotelkette.com\/fr\/#website"},"primaryImageOfPage":{"@id":"https:\/\/www.hotelkette.com\/fr\/ou-dormir-a-venise-avec-un-acces-direct-au-taxi-nautique\/#primaryimage"},"image":{"@id":"https:\/\/www.hotelkette.com\/fr\/ou-dormir-a-venise-avec-un-acces-direct-au-taxi-nautique\/#primaryimage"},"thumbnailUrl":"https:\/\/www.hotelkette.com\/wp-content\/uploads\/2025\/07\/Dove-dormire-a-Venezia-con-accesso-diretto-al-taxi-acqueo_.webp","datePublished":"2025-07-23T07:57:22+00:00","dateModified":"2025-07-30T10:54:43+00:00","description":"D\u00e9couvrez l\u2019H\u00f4tel Kette, 4 \u00e9toiles au centre de Venise avec acc\u00e8s direct au taxi nautique. Confort, services exclusifs et chambres raffin\u00e9es.","breadcrumb":{"@id":"https:\/\/www.hotelkette.com\/fr\/ou-dormir-a-venise-avec-un-acces-direct-au-taxi-nautique\/#breadcrumb"},"inLanguage":"fr-FR","potentialAction":[{"@type":"ReadAction","target":["https:\/\/www.hotelkette.com\/fr\/ou-dormir-a-venise-avec-un-acces-direct-au-taxi-nautique\/"]}]},{"@type":"ImageObject","inLanguage":"fr-FR","@id":"https:\/\/www.hotelkette.com\/fr\/ou-dormir-a-venise-avec-un-acces-direct-au-taxi-nautique\/#primaryimage","url":"https:\/\/www.hotelkette.com\/wp-content\/uploads\/2025\/07\/Dove-dormire-a-Venezia-con-accesso-diretto-al-taxi-acqueo_.webp","contentUrl":"https:\/\/www.hotelkette.com\/wp-content\/uploads\/2025\/07\/Dove-dormire-a-Venezia-con-accesso-diretto-al-taxi-acqueo_.webp","width":1920,"height":540,"caption":"O\u00f9 dormir \u00e0 Venise avec un acc\u00e8s direct au taxi nautique?"},{"@type":"BreadcrumbList","@id":"https:\/\/www.hotelkette.com\/fr\/ou-dormir-a-venise-avec-un-acces-direct-au-taxi-nautique\/#breadcrumb","itemListElement":[{"@type":"ListItem","position":1,"name":"Home","item":"https:\/\/www.hotelkette.com\/fr\/"},{"@type":"ListItem","position":2,"name":"O\u00f9 dormir \u00e0 Venise avec un acc\u00e8s direct au taxi nautique?"}]},{"@type":"WebSite","@id":"https:\/\/www.hotelkette.com\/fr\/#website","url":"https:\/\/www.hotelkette.com\/fr\/","name":"Hotel Kette","description":"","publisher":{"@id":"https:\/\/www.hotelkette.com\/fr\/#organization"},"potentialAction":[{"@type":"SearchAction","target":{"@type":"EntryPoint","urlTemplate":"https:\/\/www.hotelkette.com\/fr\/?s={search_term_string}"},"query-input":{"@type":"PropertyValueSpecification","valueRequired":true,"valueName":"search_term_string"}}],"inLanguage":"fr-FR"},{"@type":"Organization","@id":"https:\/\/www.hotelkette.com\/fr\/#organization","name":"Hotel Kette srl","url":"https:\/\/www.hotelkette.com\/fr\/","logo":{"@type":"ImageObject","inLanguage":"fr-FR","@id":"https:\/\/www.hotelkette.com\/fr\/#\/schema\/logo\/image\/","url":"https:\/\/www.hotelkette.com\/wp-content\/uploads\/2023\/07\/Raggruppa-4.svg","contentUrl":"https:\/\/www.hotelkette.com\/wp-content\/uploads\/2023\/07\/Raggruppa-4.svg","width":332,"height":24,"caption":"Hotel Kette srl"},"image":{"@id":"https:\/\/www.hotelkette.com\/fr\/#\/schema\/logo\/image\/"}}]}},"_links":{"self":[{"href":"https:\/\/www.hotelkette.com\/fr\/wp-json\/wp\/v2\/pages\/2933","targetHints":{"allow":["GET"]}}],"collection":[{"href":"https:\/\/www.hotelkette.com\/fr\/wp-json\/wp\/v2\/pages"}],"about":[{"href":"https:\/\/www.hotelkette.com\/fr\/wp-json\/wp\/v2\/types\/page"}],"author":[{"embeddable":true,"href":"https:\/\/www.hotelkette.com\/fr\/wp-json\/wp\/v2\/users\/4"}],"replies":[{"embeddable":true,"href":"https:\/\/www.hotelkette.com\/fr\/wp-json\/wp\/v2\/comments?post=2933"}],"version-history":[{"count":2,"href":"https:\/\/www.hotelkette.com\/fr\/wp-json\/wp\/v2\/pages\/2933\/revisions"}],"predecessor-version":[{"id":3286,"href":"https:\/\/www.hotelkette.com\/fr\/wp-json\/wp\/v2\/pages\/2933\/revisions\/3286"}],"wp:featuredmedia":[{"embeddable":true,"href":"https:\/\/www.hotelkette.com\/fr\/wp-json\/wp\/v2\/media\/2923"}],"wp:attachment":[{"href":"https:\/\/www.hotelkette.com\/fr\/wp-json\/wp\/v2\/media?parent=2933"}],"curies":[{"name":"wp","href":"https:\/\/api.w.org\/{rel}","templated":true}]}}