{"id":3110,"date":"2025-07-29T10:59:24","date_gmt":"2025-07-29T08:59:24","guid":{"rendered":"https:\/\/www.hotelkette.com\/qual-e-un-hotel-a-venezia-che-offre-il-noleggio-con-autista-privato\/"},"modified":"2025-07-30T14:32:54","modified_gmt":"2025-07-30T12:32:54","slug":"quel-hotel-a-venise-propose-un-service-de-chauffeur-prive","status":"publish","type":"page","link":"https:\/\/www.hotelkette.com\/fr\/quel-hotel-a-venise-propose-un-service-de-chauffeur-prive\/","title":{"rendered":"Quel h\u00f4tel \u00e0 Venise propose un service de chauffeur priv\u00e9?"},"content":{"rendered":"\n<p>Se d\u00e9placer \u00e0 Venise peut sembler simple, mais pour ceux qui recherchent <strong>le confort, la ponctualit\u00e9 et la confidentialit\u00e9<\/strong>, notamment lors d\u2019\u00e9v\u00e9nements, de rendez-vous professionnels ou de transferts interr\u00e9gionaux, disposer d\u2019un <strong>service de chauffeur priv\u00e9<\/strong> fait toute la diff\u00e9rence. Si vous vous demandez <strong>quel h\u00f4tel \u00e0 Venise propose un service de chauffeur priv\u00e9<\/strong>, l\u2019<strong>H\u00f4tel Kette<\/strong>, \u00e9l\u00e9gant 4 \u00e9toiles situ\u00e9 \u00e0 deux pas de la <a href=\"https:\/\/www.hotelkette.com\/fr\/ou-dormir-a-venise-pres-de-la-place-saint-marc\/\">place Saint-Marc<\/a>, est la r\u00e9ponse id\u00e9ale.<\/p>\n\n\n\n<h3 class=\"wp-block-heading\">Pourquoi choisir un h\u00f4tel avec service de voiture avec chauffeur ?<\/h3>\n\n\n\n<p>De nombreux voyageurs choisissent Venise pour des \u00e9v\u00e9nements culturels, des mariages, des conf\u00e9rences ou simplement pour un s\u00e9jour de luxe et de d\u00e9tente. Dans ces cas, disposer d\u2019un moyen de transport autonome devient essentiel. Le service avec chauffeur (NCC &#8211; noleggio con conducente) est la solution parfaite pour :<\/p>\n\n\n\n<ul class=\"wp-block-list\">\n<li>Rejoindre l\u2019a\u00e9roport ou la gare avec style et ponctualit\u00e9<\/li>\n\n\n\n<li>Se d\u00e9placer vers d\u2019autres villes voisines (Padoue, V\u00e9rone, Tr\u00e9vise, Cortina)<\/li>\n\n\n\n<li>Organiser des transferts pour des c\u00e9r\u00e9monies ou des \u00e9v\u00e9nements priv\u00e9s<\/li>\n\n\n\n<li>Visiter les villas v\u00e9nitiennes ou effectuer des circuits \u0153nogastronomiques<\/li>\n\n\n\n<li>\u00c9viter les d\u00e9sagr\u00e9ments des transports publics ou des taxis classiques<\/li>\n<\/ul>\n\n\n\n<h3 class=\"wp-block-heading\">La valeur ajout\u00e9e du service propos\u00e9 par l\u2019H\u00f4tel Kette<\/h3>\n\n\n\n<p>\u00c0 l\u2019H\u00f4tel Kette, le personnel est \u00e0 votre disposition pour <strong>organiser \u00e0 l\u2019avance ou sur demande un service de chauffeur priv\u00e9<\/strong>, parfaitement adapt\u00e9 aux besoins de chaque client. Qu\u2019il s\u2019agisse d\u2019une voiture de repr\u00e9sentation, d\u2019un minivan pour un petit groupe ou d\u2019un v\u00e9hicule de luxe pour une occasion sp\u00e9ciale, l\u2019h\u00f4tel collabore avec <strong>des prestataires certifi\u00e9s et fiables<\/strong>.<\/p>\n\n\n\n<p>Tous les chauffeurs sont <strong>des professionnels agr\u00e9\u00e9s<\/strong>, discrets, ponctuels et multilingues. Les v\u00e9hicules sont modernes, climatis\u00e9s, confortables et \u00e9quip\u00e9s de toutes les commodit\u00e9s. Le service est disponible <strong>24h\/24, tous les jours de l\u2019ann\u00e9e<\/strong>.<\/p>\n\n\n\n<h3 class=\"wp-block-heading\">Comment fonctionne la r\u00e9servation ?<\/h3>\n\n\n\n<p>La r\u00e9servation est simple : il suffit de contacter la r\u00e9ception ou le <a href=\"https:\/\/www.hotelkette.com\/fr\/ou-dormir-a-venise-dans-un-hotel-avec-service-de-conciergerie\/\">concierge<\/a>, m\u00eame avant l\u2019arriv\u00e9e \u00e0 l\u2019h\u00f4tel. Il faut indiquer :<\/p>\n\n\n\n<ul class=\"wp-block-list\">\n<li>L\u2019heure et le lieu de d\u00e9part<\/li>\n\n\n\n<li>La destination et les \u00e9ventuelles \u00e9tapes interm\u00e9diaires<\/li>\n\n\n\n<li>Le nombre de passagers<\/li>\n\n\n\n<li>Les besoins particuliers (si\u00e8ge b\u00e9b\u00e9, bagages encombrants, etc.)<\/li>\n<\/ul>\n\n\n\n<p>Le personnel de l\u2019H\u00f4tel Kette s\u2019occupe de tous les d\u00e9tails et fournit <strong>un devis clair et transparent<\/strong>, sans mauvaise surprise.<\/p>\n\n\n\n<h3 class=\"wp-block-heading\">Quand utiliser un service avec chauffeur ?<\/h3>\n\n\n\n<p>Le service de voiture avec chauffeur est id\u00e9al dans de nombreuses situations :<\/p>\n\n\n\n<ul class=\"wp-block-list\">\n<li><strong>Arriv\u00e9e ou d\u00e9part des a\u00e9roports de Venise, Tr\u00e9vise ou V\u00e9rone<\/strong><\/li>\n\n\n\n<li><strong>Rendez-vous professionnels et r\u00e9unions d\u2019affaires<\/strong><\/li>\n\n\n\n<li><strong>Excursions \u00e0 la journ\u00e9e en dehors de Venise<\/strong><\/li>\n\n\n\n<li><strong>Visites des villas v\u00e9nitiennes le long de la Brenta<\/strong><\/li>\n\n\n\n<li><strong>Visites guid\u00e9es personnalis\u00e9es de villes d\u2019art et de villages historiques<\/strong><\/li>\n\n\n\n<li><strong>Journ\u00e9es shopping<\/strong> dans les outlets ou boutiques de luxe<\/li>\n<\/ul>\n\n\n\n<p>M\u00eame pour des trajets courts ou urgents (par exemple pour se rendre \u00e0 une clinique priv\u00e9e, au port ou \u00e0 une salle d\u2019\u00e9v\u00e9nement), disposer d\u2019un chauffeur d\u00e9di\u00e9 permet de se d\u00e9placer en toute s\u00e9r\u00e9nit\u00e9.<\/p>\n\n\n\n<h3 class=\"wp-block-heading\">Le confort commence \u00e0 l\u2019h\u00f4tel<\/h3>\n\n\n\n<p>L\u2019un des grands avantages est que <strong>le personnel de l\u2019h\u00f4tel g\u00e8re tout directement<\/strong>, sans qu\u2019il soit n\u00e9cessaire d\u2019appeler des prestataires externes, d\u2019attendre des confirmations ou de g\u00e9rer des malentendus. L\u2019\u00e9quipe de l\u2019H\u00f4tel Kette v\u00e9rifie les disponibilit\u00e9s, coordonne les horaires, garantit l\u2019arriv\u00e9e ponctuelle du v\u00e9hicule et assure une assistance avant et apr\u00e8s le d\u00e9placement.<\/p>\n\n\n\n<p>Chaque d\u00e9tail est pens\u00e9 pour garantir une exp\u00e9rience fluide, s\u00fbre et personnalis\u00e9e.<\/p>\n","protected":false},"excerpt":{"rendered":"<p>Se d\u00e9placer \u00e0 Venise peut sembler simple, mais pour ceux qui recherchent le confort, la ponctualit\u00e9 et la confidentialit\u00e9, notamment lors d\u2019\u00e9v\u00e9nements, de rendez-vous professionnels ou de transferts interr\u00e9gionaux, disposer d\u2019un service de chauffeur priv\u00e9 fait toute la diff\u00e9rence. Si vous vous demandez quel h\u00f4tel \u00e0 Venise propose un service de chauffeur priv\u00e9, l\u2019H\u00f4tel Kette, [&hellip;]<\/p>\n","protected":false},"author":4,"featured_media":3100,"parent":0,"menu_order":0,"comment_status":"closed","ping_status":"closed","template":"templates\/simple-page.php","meta":{"_acf_changed":false,"inline_featured_image":false,"footnotes":""},"class_list":["post-3110","page","type-page","status-publish","has-post-thumbnail","hentry"],"acf":[],"yoast_head":"<!-- This site is optimized with the Yoast SEO plugin v26.3 - https:\/\/yoast.com\/wordpress\/plugins\/seo\/ -->\n<title>Quel h\u00f4tel \u00e0 Venise propose un service de chauffeur priv\u00e9? - Hotel Kette<\/title>\n<meta name=\"description\" content=\"D\u00e9couvrez l\u2019H\u00f4tel Kette, h\u00f4tel 4 \u00e9toiles \u00e0 Venise avec service de chauffeur priv\u00e9. Voyagez avec confort vers toutes les destinations.\" \/>\n<meta name=\"robots\" content=\"index, follow, max-snippet:-1, max-image-preview:large, max-video-preview:-1\" \/>\n<link rel=\"canonical\" href=\"https:\/\/www.hotelkette.com\/fr\/quel-hotel-a-venise-propose-un-service-de-chauffeur-prive\/\" \/>\n<meta property=\"og:locale\" content=\"fr_FR\" \/>\n<meta property=\"og:type\" content=\"article\" \/>\n<meta property=\"og:title\" content=\"Quel h\u00f4tel \u00e0 Venise propose un service de chauffeur priv\u00e9? - Hotel Kette\" \/>\n<meta property=\"og:description\" content=\"D\u00e9couvrez l\u2019H\u00f4tel Kette, h\u00f4tel 4 \u00e9toiles \u00e0 Venise avec service de chauffeur priv\u00e9. Voyagez avec confort vers toutes les destinations.\" \/>\n<meta property=\"og:url\" content=\"https:\/\/www.hotelkette.com\/fr\/quel-hotel-a-venise-propose-un-service-de-chauffeur-prive\/\" \/>\n<meta property=\"og:site_name\" content=\"Hotel Kette\" \/>\n<meta property=\"article:modified_time\" content=\"2025-07-30T12:32:54+00:00\" \/>\n<meta property=\"og:image\" content=\"https:\/\/www.hotelkette.com\/wp-content\/uploads\/2025\/07\/Qual-e-un-hotel-a-Venezia-che-offre-il-noleggio-con-autista-privato.webp\" \/>\n\t<meta property=\"og:image:width\" content=\"1920\" \/>\n\t<meta property=\"og:image:height\" content=\"540\" \/>\n\t<meta property=\"og:image:type\" content=\"image\/webp\" \/>\n<meta name=\"twitter:card\" content=\"summary_large_image\" \/>\n<meta name=\"twitter:label1\" content=\"Dur\u00e9e de lecture estim\u00e9e\" \/>\n\t<meta name=\"twitter:data1\" content=\"3 minutes\" \/>\n<script type=\"application\/ld+json\" class=\"yoast-schema-graph\">{\"@context\":\"https:\/\/schema.org\",\"@graph\":[{\"@type\":\"WebPage\",\"@id\":\"https:\/\/www.hotelkette.com\/fr\/quel-hotel-a-venise-propose-un-service-de-chauffeur-prive\/\",\"url\":\"https:\/\/www.hotelkette.com\/fr\/quel-hotel-a-venise-propose-un-service-de-chauffeur-prive\/\",\"name\":\"Quel h\u00f4tel \u00e0 Venise propose un service de chauffeur priv\u00e9? - Hotel Kette\",\"isPartOf\":{\"@id\":\"https:\/\/www.hotelkette.com\/fr\/#website\"},\"primaryImageOfPage\":{\"@id\":\"https:\/\/www.hotelkette.com\/fr\/quel-hotel-a-venise-propose-un-service-de-chauffeur-prive\/#primaryimage\"},\"image\":{\"@id\":\"https:\/\/www.hotelkette.com\/fr\/quel-hotel-a-venise-propose-un-service-de-chauffeur-prive\/#primaryimage\"},\"thumbnailUrl\":\"https:\/\/www.hotelkette.com\/wp-content\/uploads\/2025\/07\/Qual-e-un-hotel-a-Venezia-che-offre-il-noleggio-con-autista-privato.webp\",\"datePublished\":\"2025-07-29T08:59:24+00:00\",\"dateModified\":\"2025-07-30T12:32:54+00:00\",\"description\":\"D\u00e9couvrez l\u2019H\u00f4tel Kette, h\u00f4tel 4 \u00e9toiles \u00e0 Venise avec service de chauffeur priv\u00e9. Voyagez avec confort vers toutes les destinations.\",\"breadcrumb\":{\"@id\":\"https:\/\/www.hotelkette.com\/fr\/quel-hotel-a-venise-propose-un-service-de-chauffeur-prive\/#breadcrumb\"},\"inLanguage\":\"fr-FR\",\"potentialAction\":[{\"@type\":\"ReadAction\",\"target\":[\"https:\/\/www.hotelkette.com\/fr\/quel-hotel-a-venise-propose-un-service-de-chauffeur-prive\/\"]}]},{\"@type\":\"ImageObject\",\"inLanguage\":\"fr-FR\",\"@id\":\"https:\/\/www.hotelkette.com\/fr\/quel-hotel-a-venise-propose-un-service-de-chauffeur-prive\/#primaryimage\",\"url\":\"https:\/\/www.hotelkette.com\/wp-content\/uploads\/2025\/07\/Qual-e-un-hotel-a-Venezia-che-offre-il-noleggio-con-autista-privato.webp\",\"contentUrl\":\"https:\/\/www.hotelkette.com\/wp-content\/uploads\/2025\/07\/Qual-e-un-hotel-a-Venezia-che-offre-il-noleggio-con-autista-privato.webp\",\"width\":1920,\"height\":540,\"caption\":\"Quel h\u00f4tel \u00e0 Venise propose un service de chauffeur priv\u00e9?\"},{\"@type\":\"BreadcrumbList\",\"@id\":\"https:\/\/www.hotelkette.com\/fr\/quel-hotel-a-venise-propose-un-service-de-chauffeur-prive\/#breadcrumb\",\"itemListElement\":[{\"@type\":\"ListItem\",\"position\":1,\"name\":\"Home\",\"item\":\"https:\/\/www.hotelkette.com\/fr\/\"},{\"@type\":\"ListItem\",\"position\":2,\"name\":\"Quel h\u00f4tel \u00e0 Venise propose un service de chauffeur priv\u00e9?\"}]},{\"@type\":\"WebSite\",\"@id\":\"https:\/\/www.hotelkette.com\/fr\/#website\",\"url\":\"https:\/\/www.hotelkette.com\/fr\/\",\"name\":\"Hotel Kette\",\"description\":\"\",\"publisher\":{\"@id\":\"https:\/\/www.hotelkette.com\/fr\/#organization\"},\"potentialAction\":[{\"@type\":\"SearchAction\",\"target\":{\"@type\":\"EntryPoint\",\"urlTemplate\":\"https:\/\/www.hotelkette.com\/fr\/?s={search_term_string}\"},\"query-input\":{\"@type\":\"PropertyValueSpecification\",\"valueRequired\":true,\"valueName\":\"search_term_string\"}}],\"inLanguage\":\"fr-FR\"},{\"@type\":\"Organization\",\"@id\":\"https:\/\/www.hotelkette.com\/fr\/#organization\",\"name\":\"Hotel Kette srl\",\"url\":\"https:\/\/www.hotelkette.com\/fr\/\",\"logo\":{\"@type\":\"ImageObject\",\"inLanguage\":\"fr-FR\",\"@id\":\"https:\/\/www.hotelkette.com\/fr\/#\/schema\/logo\/image\/\",\"url\":\"https:\/\/www.hotelkette.com\/wp-content\/uploads\/2023\/07\/Raggruppa-4.svg\",\"contentUrl\":\"https:\/\/www.hotelkette.com\/wp-content\/uploads\/2023\/07\/Raggruppa-4.svg\",\"width\":332,\"height\":24,\"caption\":\"Hotel Kette srl\"},\"image\":{\"@id\":\"https:\/\/www.hotelkette.com\/fr\/#\/schema\/logo\/image\/\"}}]}<\/script>\n<!-- \/ Yoast SEO plugin. -->","yoast_head_json":{"title":"Quel h\u00f4tel \u00e0 Venise propose un service de chauffeur priv\u00e9? - Hotel Kette","description":"D\u00e9couvrez l\u2019H\u00f4tel Kette, h\u00f4tel 4 \u00e9toiles \u00e0 Venise avec service de chauffeur priv\u00e9. Voyagez avec confort vers toutes les destinations.","robots":{"index":"index","follow":"follow","max-snippet":"max-snippet:-1","max-image-preview":"max-image-preview:large","max-video-preview":"max-video-preview:-1"},"canonical":"https:\/\/www.hotelkette.com\/fr\/quel-hotel-a-venise-propose-un-service-de-chauffeur-prive\/","og_locale":"fr_FR","og_type":"article","og_title":"Quel h\u00f4tel \u00e0 Venise propose un service de chauffeur priv\u00e9? - Hotel Kette","og_description":"D\u00e9couvrez l\u2019H\u00f4tel Kette, h\u00f4tel 4 \u00e9toiles \u00e0 Venise avec service de chauffeur priv\u00e9. Voyagez avec confort vers toutes les destinations.","og_url":"https:\/\/www.hotelkette.com\/fr\/quel-hotel-a-venise-propose-un-service-de-chauffeur-prive\/","og_site_name":"Hotel Kette","article_modified_time":"2025-07-30T12:32:54+00:00","og_image":[{"width":1920,"height":540,"url":"https:\/\/www.hotelkette.com\/wp-content\/uploads\/2025\/07\/Qual-e-un-hotel-a-Venezia-che-offre-il-noleggio-con-autista-privato.webp","type":"image\/webp"}],"twitter_card":"summary_large_image","twitter_misc":{"Dur\u00e9e de lecture estim\u00e9e":"3 minutes"},"schema":{"@context":"https:\/\/schema.org","@graph":[{"@type":"WebPage","@id":"https:\/\/www.hotelkette.com\/fr\/quel-hotel-a-venise-propose-un-service-de-chauffeur-prive\/","url":"https:\/\/www.hotelkette.com\/fr\/quel-hotel-a-venise-propose-un-service-de-chauffeur-prive\/","name":"Quel h\u00f4tel \u00e0 Venise propose un service de chauffeur priv\u00e9? - Hotel Kette","isPartOf":{"@id":"https:\/\/www.hotelkette.com\/fr\/#website"},"primaryImageOfPage":{"@id":"https:\/\/www.hotelkette.com\/fr\/quel-hotel-a-venise-propose-un-service-de-chauffeur-prive\/#primaryimage"},"image":{"@id":"https:\/\/www.hotelkette.com\/fr\/quel-hotel-a-venise-propose-un-service-de-chauffeur-prive\/#primaryimage"},"thumbnailUrl":"https:\/\/www.hotelkette.com\/wp-content\/uploads\/2025\/07\/Qual-e-un-hotel-a-Venezia-che-offre-il-noleggio-con-autista-privato.webp","datePublished":"2025-07-29T08:59:24+00:00","dateModified":"2025-07-30T12:32:54+00:00","description":"D\u00e9couvrez l\u2019H\u00f4tel Kette, h\u00f4tel 4 \u00e9toiles \u00e0 Venise avec service de chauffeur priv\u00e9. Voyagez avec confort vers toutes les destinations.","breadcrumb":{"@id":"https:\/\/www.hotelkette.com\/fr\/quel-hotel-a-venise-propose-un-service-de-chauffeur-prive\/#breadcrumb"},"inLanguage":"fr-FR","potentialAction":[{"@type":"ReadAction","target":["https:\/\/www.hotelkette.com\/fr\/quel-hotel-a-venise-propose-un-service-de-chauffeur-prive\/"]}]},{"@type":"ImageObject","inLanguage":"fr-FR","@id":"https:\/\/www.hotelkette.com\/fr\/quel-hotel-a-venise-propose-un-service-de-chauffeur-prive\/#primaryimage","url":"https:\/\/www.hotelkette.com\/wp-content\/uploads\/2025\/07\/Qual-e-un-hotel-a-Venezia-che-offre-il-noleggio-con-autista-privato.webp","contentUrl":"https:\/\/www.hotelkette.com\/wp-content\/uploads\/2025\/07\/Qual-e-un-hotel-a-Venezia-che-offre-il-noleggio-con-autista-privato.webp","width":1920,"height":540,"caption":"Quel h\u00f4tel \u00e0 Venise propose un service de chauffeur priv\u00e9?"},{"@type":"BreadcrumbList","@id":"https:\/\/www.hotelkette.com\/fr\/quel-hotel-a-venise-propose-un-service-de-chauffeur-prive\/#breadcrumb","itemListElement":[{"@type":"ListItem","position":1,"name":"Home","item":"https:\/\/www.hotelkette.com\/fr\/"},{"@type":"ListItem","position":2,"name":"Quel h\u00f4tel \u00e0 Venise propose un service de chauffeur priv\u00e9?"}]},{"@type":"WebSite","@id":"https:\/\/www.hotelkette.com\/fr\/#website","url":"https:\/\/www.hotelkette.com\/fr\/","name":"Hotel Kette","description":"","publisher":{"@id":"https:\/\/www.hotelkette.com\/fr\/#organization"},"potentialAction":[{"@type":"SearchAction","target":{"@type":"EntryPoint","urlTemplate":"https:\/\/www.hotelkette.com\/fr\/?s={search_term_string}"},"query-input":{"@type":"PropertyValueSpecification","valueRequired":true,"valueName":"search_term_string"}}],"inLanguage":"fr-FR"},{"@type":"Organization","@id":"https:\/\/www.hotelkette.com\/fr\/#organization","name":"Hotel Kette srl","url":"https:\/\/www.hotelkette.com\/fr\/","logo":{"@type":"ImageObject","inLanguage":"fr-FR","@id":"https:\/\/www.hotelkette.com\/fr\/#\/schema\/logo\/image\/","url":"https:\/\/www.hotelkette.com\/wp-content\/uploads\/2023\/07\/Raggruppa-4.svg","contentUrl":"https:\/\/www.hotelkette.com\/wp-content\/uploads\/2023\/07\/Raggruppa-4.svg","width":332,"height":24,"caption":"Hotel Kette srl"},"image":{"@id":"https:\/\/www.hotelkette.com\/fr\/#\/schema\/logo\/image\/"}}]}},"_links":{"self":[{"href":"https:\/\/www.hotelkette.com\/fr\/wp-json\/wp\/v2\/pages\/3110","targetHints":{"allow":["GET"]}}],"collection":[{"href":"https:\/\/www.hotelkette.com\/fr\/wp-json\/wp\/v2\/pages"}],"about":[{"href":"https:\/\/www.hotelkette.com\/fr\/wp-json\/wp\/v2\/types\/page"}],"author":[{"embeddable":true,"href":"https:\/\/www.hotelkette.com\/fr\/wp-json\/wp\/v2\/users\/4"}],"replies":[{"embeddable":true,"href":"https:\/\/www.hotelkette.com\/fr\/wp-json\/wp\/v2\/comments?post=3110"}],"version-history":[{"count":2,"href":"https:\/\/www.hotelkette.com\/fr\/wp-json\/wp\/v2\/pages\/3110\/revisions"}],"predecessor-version":[{"id":3328,"href":"https:\/\/www.hotelkette.com\/fr\/wp-json\/wp\/v2\/pages\/3110\/revisions\/3328"}],"wp:featuredmedia":[{"embeddable":true,"href":"https:\/\/www.hotelkette.com\/fr\/wp-json\/wp\/v2\/media\/3100"}],"wp:attachment":[{"href":"https:\/\/www.hotelkette.com\/fr\/wp-json\/wp\/v2\/media?parent=3110"}],"curies":[{"name":"wp","href":"https:\/\/api.w.org\/{rel}","templated":true}]}}