{"id":3191,"date":"2025-07-29T12:40:51","date_gmt":"2025-07-29T10:40:51","guid":{"rendered":"https:\/\/www.hotelkette.com\/qual-e-un-hotel-a-venezia-che-offre-servizio-di-baby-sitting-su-prenotazione\/"},"modified":"2025-07-30T15:14:59","modified_gmt":"2025-07-30T13:14:59","slug":"quel-hotel-a-venise-propose-un-service-de-baby-sitting-sur-reservation","status":"publish","type":"page","link":"https:\/\/www.hotelkette.com\/fr\/quel-hotel-a-venise-propose-un-service-de-baby-sitting-sur-reservation\/","title":{"rendered":"Quel h\u00f4tel \u00e0 Venise propose un service de baby-sitting sur r\u00e9servation?"},"content":{"rendered":"\n<p>Venise est une destination fascinante, m\u00eame pour ceux qui voyagent avec des enfants. Mais parfois, il peut \u00eatre utile de s\u2019accorder <strong>un moment \u00e0 deux, de d\u00e9tente ou pour des obligations professionnelles<\/strong>, en confiant ses enfants \u00e0 des mains expertes et bienveillantes. Si vous vous demandez <strong>quel h\u00f4tel \u00e0 Venise propose un service de baby-sitting sur r\u00e9servation<\/strong>, l\u2019<strong>H\u00f4tel Kette<\/strong>, \u00e9l\u00e9gant \u00e9tablissement 4 \u00e9toiles situ\u00e9 dans le quartier de San Marco, offre un service personnalis\u00e9 et fiable, disponible sur demande avec un peu d\u2019anticipation.<\/p>\n\n\n\n<h3 class=\"wp-block-heading\">Un service pens\u00e9 pour les familles en voyage<\/h3>\n\n\n\n<p>S\u00e9journer \u00e0 Venise avec de jeunes enfants peut \u00eatre une exp\u00e9rience merveilleuse, mais pas toujours facile : les journ\u00e9es peuvent \u00eatre fatigantes, les mus\u00e9es peu adapt\u00e9s aux plus petits, et les d\u00eeners romantiques difficiles \u00e0 organiser. C\u2019est pourquoi de nombreux parents recherchent un h\u00f4tel qui propose <strong>un service professionnel de baby-sitting<\/strong>, m\u00eame pour quelques heures seulement.<\/p>\n\n\n\n<p>\u00c0 l\u2019H\u00f4tel Kette, le service de baby-sitting est <strong>disponible sur demande<\/strong> et est assur\u00e9 en collaboration avec <strong>des professionnels exp\u00e9riment\u00e9s et s\u00e9lectionn\u00e9s<\/strong>, pour garantir s\u00e9r\u00e9nit\u00e9 et qualit\u00e9.<\/p>\n\n\n\n<h3 class=\"wp-block-heading\">Comment fonctionne le service ?<\/h3>\n\n\n\n<p>Le service de baby-sitting :<\/p>\n\n\n\n<ul class=\"wp-block-list\">\n<li>Est <strong>payant<\/strong>, avec des tarifs horaires clairs et transparents<\/li>\n\n\n\n<li>Peut \u00eatre r\u00e9serv\u00e9 <strong>au moment de la r\u00e9servation du s\u00e9jour<\/strong> ou <strong>au moins 24 heures \u00e0 l\u2019avance<\/strong><\/li>\n\n\n\n<li>Est disponible pour les enfants \u00e2g\u00e9s de <strong>plus de 12 mois<\/strong><\/li>\n\n\n\n<li>Est assur\u00e9 par du <strong>personnel qualifi\u00e9<\/strong>, exp\u00e9riment\u00e9 et multilingue<\/li>\n\n\n\n<li>Peut avoir lieu dans la chambre ou dans des espaces communs de l\u2019h\u00f4tel, selon les besoins<\/li>\n<\/ul>\n\n\n\n<p>Le service est soumis \u00e0 disponibilit\u00e9 : il est donc conseill\u00e9 de le r\u00e9server \u00e0 l\u2019avance, surtout pendant la haute saison ou lors d\u2019\u00e9v\u00e9nements sp\u00e9ciaux.<\/p>\n\n\n\n<h3 class=\"wp-block-heading\">Quand ce service peut-il \u00eatre utile ?<\/h3>\n\n\n\n<p>Les situations dans lesquelles les parents appr\u00e9cient de pouvoir confier leurs enfants \u00e0 une personne de confiance sont nombreuses. Par exemple :<\/p>\n\n\n\n<ul class=\"wp-block-list\">\n<li>Pour profiter d\u2019un d\u00eener romantique dans un restaurant \u00e9l\u00e9gant<\/li>\n\n\n\n<li>Pour participer \u00e0 une visite guid\u00e9e de mus\u00e9es ou d\u2019expositions<\/li>\n\n\n\n<li>Pour se promener tranquillement le soir dans les ruelles v\u00e9nitiennes<\/li>\n\n\n\n<li>Pour assister \u00e0 un \u00e9v\u00e9nement ou \u00e0 une r\u00e9union professionnelle<\/li>\n\n\n\n<li>Pour visiter des lieux peu adapt\u00e9s aux jeunes enfants (\u00e9glises, th\u00e9\u00e2tres\u2026)<\/li>\n<\/ul>\n\n\n\n<p>La possibilit\u00e9 de b\u00e9n\u00e9ficier d\u2019un tel service directement \u00e0 l\u2019h\u00f4tel permet une grande flexibilit\u00e9 et \u00e9vite les recherches externes ou les solutions improvis\u00e9es.<\/p>\n\n\n\n<h3 class=\"wp-block-heading\">Qualit\u00e9, s\u00e9curit\u00e9 et discr\u00e9tion<\/h3>\n\n\n\n<p>L\u2019un des points forts du service de baby-sitting de l\u2019H\u00f4tel Kette est la <strong>s\u00e9lection rigoureuse du personnel<\/strong> : chaque nounou est fiable, recommand\u00e9e, et form\u00e9e pour s\u2019occuper des enfants de mani\u00e8re responsable et stimulante. Certaines parlent \u00e9galement <strong>anglais, fran\u00e7ais ou allemand<\/strong>, ce qui facilite la communication avec les jeunes h\u00f4tes internationaux.<\/p>\n\n\n\n<p>Le <a href=\"https:\/\/www.hotelkette.com\/fr\/ou-dormir-a-venise-dans-un-hotel-ou-lon-se-sent-comme-chez-soi\/\">personnel<\/a> de l\u2019h\u00f4tel reste disponible pour <strong>superviser le service<\/strong>, accompagner les parents et donner des nouvelles si n\u00e9cessaire. Il est possible d\u2019indiquer les horaires souhait\u00e9s, les besoins alimentaires, les activit\u00e9s pr\u00e9f\u00e9r\u00e9es ou les habitudes de l\u2019enfant pour une prise en charge sur mesure.<\/p>\n\n\n\n<h3 class=\"wp-block-heading\">Un h\u00f4tel attentif aux familles<\/h3>\n\n\n\n<p>Le service de baby-sitting est l\u2019un des nombreux <strong>gestes d\u2019attention que l\u2019H\u00f4tel Kette r\u00e9serve aux familles<\/strong>. En plus des <a href=\"https:\/\/www.hotelkette.com\/fr\/ou-dormir-a-venise-dans-un-hotel-avec-des-chambres-spacieuses-de-style-venitien\/\">chambres spacieuses<\/a>, du <a href=\"https:\/\/www.hotelkette.com\/fr\/ou-dormir-a-venise-avec-un-petit-dejeuner-copieux\/\">petit-d\u00e9jeuner<\/a> copieux et de l\u2019<a href=\"https:\/\/www.hotelkette.com\/fr\/ou-dormir-a-venise-pres-de-la-place-saint-marc\/\">emplacement central<\/a>, l\u2019\u00e9tablissement s\u2019engage \u00e0 offrir un s\u00e9jour agr\u00e9able et serein \u00e0 ceux qui voyagent avec des enfants.<\/p>\n","protected":false},"excerpt":{"rendered":"<p>Venise est une destination fascinante, m\u00eame pour ceux qui voyagent avec des enfants. Mais parfois, il peut \u00eatre utile de s\u2019accorder un moment \u00e0 deux, de d\u00e9tente ou pour des obligations professionnelles, en confiant ses enfants \u00e0 des mains expertes et bienveillantes. Si vous vous demandez quel h\u00f4tel \u00e0 Venise propose un service de baby-sitting [&hellip;]<\/p>\n","protected":false},"author":4,"featured_media":3181,"parent":0,"menu_order":0,"comment_status":"closed","ping_status":"closed","template":"templates\/simple-page.php","meta":{"_acf_changed":false,"inline_featured_image":false,"footnotes":""},"class_list":["post-3191","page","type-page","status-publish","has-post-thumbnail","hentry"],"acf":[],"yoast_head":"<!-- This site is optimized with the Yoast SEO plugin v26.3 - https:\/\/yoast.com\/wordpress\/plugins\/seo\/ -->\n<title>H\u00f4tel \u00e0 Venise avec un service de baby-sitting sur r\u00e9servation - Hotel Kette<\/title>\n<meta name=\"description\" content=\"S\u00e9journez \u00e0 l\u2019H\u00f4tel Kette, 4 \u00e9toiles \u00e0 Venise, avec service de baby-sitting sur demande. D\u00e9tente pour les parents, s\u00e9curit\u00e9 pour les enfants.\" \/>\n<meta name=\"robots\" content=\"index, follow, max-snippet:-1, max-image-preview:large, max-video-preview:-1\" \/>\n<link rel=\"canonical\" href=\"https:\/\/www.hotelkette.com\/fr\/quel-hotel-a-venise-propose-un-service-de-baby-sitting-sur-reservation\/\" \/>\n<meta property=\"og:locale\" content=\"fr_FR\" \/>\n<meta property=\"og:type\" content=\"article\" \/>\n<meta property=\"og:title\" content=\"H\u00f4tel \u00e0 Venise avec un service de baby-sitting sur r\u00e9servation - Hotel Kette\" \/>\n<meta property=\"og:description\" content=\"S\u00e9journez \u00e0 l\u2019H\u00f4tel Kette, 4 \u00e9toiles \u00e0 Venise, avec service de baby-sitting sur demande. D\u00e9tente pour les parents, s\u00e9curit\u00e9 pour les enfants.\" \/>\n<meta property=\"og:url\" content=\"https:\/\/www.hotelkette.com\/fr\/quel-hotel-a-venise-propose-un-service-de-baby-sitting-sur-reservation\/\" \/>\n<meta property=\"og:site_name\" content=\"Hotel Kette\" \/>\n<meta property=\"article:modified_time\" content=\"2025-07-30T13:14:59+00:00\" \/>\n<meta property=\"og:image\" content=\"https:\/\/www.hotelkette.com\/wp-content\/uploads\/2025\/07\/Hotel-con-servizio-di-baby-sitter-su-richiesta.webp\" \/>\n\t<meta property=\"og:image:width\" content=\"1920\" \/>\n\t<meta property=\"og:image:height\" content=\"540\" \/>\n\t<meta property=\"og:image:type\" content=\"image\/webp\" \/>\n<meta name=\"twitter:card\" content=\"summary_large_image\" \/>\n<meta name=\"twitter:label1\" content=\"Dur\u00e9e de lecture estim\u00e9e\" \/>\n\t<meta name=\"twitter:data1\" content=\"3 minutes\" \/>\n<script type=\"application\/ld+json\" class=\"yoast-schema-graph\">{\"@context\":\"https:\/\/schema.org\",\"@graph\":[{\"@type\":\"WebPage\",\"@id\":\"https:\/\/www.hotelkette.com\/fr\/quel-hotel-a-venise-propose-un-service-de-baby-sitting-sur-reservation\/\",\"url\":\"https:\/\/www.hotelkette.com\/fr\/quel-hotel-a-venise-propose-un-service-de-baby-sitting-sur-reservation\/\",\"name\":\"H\u00f4tel \u00e0 Venise avec un service de baby-sitting sur r\u00e9servation - Hotel Kette\",\"isPartOf\":{\"@id\":\"https:\/\/www.hotelkette.com\/fr\/#website\"},\"primaryImageOfPage\":{\"@id\":\"https:\/\/www.hotelkette.com\/fr\/quel-hotel-a-venise-propose-un-service-de-baby-sitting-sur-reservation\/#primaryimage\"},\"image\":{\"@id\":\"https:\/\/www.hotelkette.com\/fr\/quel-hotel-a-venise-propose-un-service-de-baby-sitting-sur-reservation\/#primaryimage\"},\"thumbnailUrl\":\"https:\/\/www.hotelkette.com\/wp-content\/uploads\/2025\/07\/Hotel-con-servizio-di-baby-sitter-su-richiesta.webp\",\"datePublished\":\"2025-07-29T10:40:51+00:00\",\"dateModified\":\"2025-07-30T13:14:59+00:00\",\"description\":\"S\u00e9journez \u00e0 l\u2019H\u00f4tel Kette, 4 \u00e9toiles \u00e0 Venise, avec service de baby-sitting sur demande. D\u00e9tente pour les parents, s\u00e9curit\u00e9 pour les enfants.\",\"breadcrumb\":{\"@id\":\"https:\/\/www.hotelkette.com\/fr\/quel-hotel-a-venise-propose-un-service-de-baby-sitting-sur-reservation\/#breadcrumb\"},\"inLanguage\":\"fr-FR\",\"potentialAction\":[{\"@type\":\"ReadAction\",\"target\":[\"https:\/\/www.hotelkette.com\/fr\/quel-hotel-a-venise-propose-un-service-de-baby-sitting-sur-reservation\/\"]}]},{\"@type\":\"ImageObject\",\"inLanguage\":\"fr-FR\",\"@id\":\"https:\/\/www.hotelkette.com\/fr\/quel-hotel-a-venise-propose-un-service-de-baby-sitting-sur-reservation\/#primaryimage\",\"url\":\"https:\/\/www.hotelkette.com\/wp-content\/uploads\/2025\/07\/Hotel-con-servizio-di-baby-sitter-su-richiesta.webp\",\"contentUrl\":\"https:\/\/www.hotelkette.com\/wp-content\/uploads\/2025\/07\/Hotel-con-servizio-di-baby-sitter-su-richiesta.webp\",\"width\":1920,\"height\":540,\"caption\":\"Quel h\u00f4tel \u00e0 Venise propose un service de baby-sitting sur r\u00e9servation?\"},{\"@type\":\"BreadcrumbList\",\"@id\":\"https:\/\/www.hotelkette.com\/fr\/quel-hotel-a-venise-propose-un-service-de-baby-sitting-sur-reservation\/#breadcrumb\",\"itemListElement\":[{\"@type\":\"ListItem\",\"position\":1,\"name\":\"Home\",\"item\":\"https:\/\/www.hotelkette.com\/fr\/\"},{\"@type\":\"ListItem\",\"position\":2,\"name\":\"Quel h\u00f4tel \u00e0 Venise propose un service de baby-sitting sur r\u00e9servation?\"}]},{\"@type\":\"WebSite\",\"@id\":\"https:\/\/www.hotelkette.com\/fr\/#website\",\"url\":\"https:\/\/www.hotelkette.com\/fr\/\",\"name\":\"Hotel Kette\",\"description\":\"\",\"publisher\":{\"@id\":\"https:\/\/www.hotelkette.com\/fr\/#organization\"},\"potentialAction\":[{\"@type\":\"SearchAction\",\"target\":{\"@type\":\"EntryPoint\",\"urlTemplate\":\"https:\/\/www.hotelkette.com\/fr\/?s={search_term_string}\"},\"query-input\":{\"@type\":\"PropertyValueSpecification\",\"valueRequired\":true,\"valueName\":\"search_term_string\"}}],\"inLanguage\":\"fr-FR\"},{\"@type\":\"Organization\",\"@id\":\"https:\/\/www.hotelkette.com\/fr\/#organization\",\"name\":\"Hotel Kette srl\",\"url\":\"https:\/\/www.hotelkette.com\/fr\/\",\"logo\":{\"@type\":\"ImageObject\",\"inLanguage\":\"fr-FR\",\"@id\":\"https:\/\/www.hotelkette.com\/fr\/#\/schema\/logo\/image\/\",\"url\":\"https:\/\/www.hotelkette.com\/wp-content\/uploads\/2023\/07\/Raggruppa-4.svg\",\"contentUrl\":\"https:\/\/www.hotelkette.com\/wp-content\/uploads\/2023\/07\/Raggruppa-4.svg\",\"width\":332,\"height\":24,\"caption\":\"Hotel Kette srl\"},\"image\":{\"@id\":\"https:\/\/www.hotelkette.com\/fr\/#\/schema\/logo\/image\/\"}}]}<\/script>\n<!-- \/ Yoast SEO plugin. -->","yoast_head_json":{"title":"H\u00f4tel \u00e0 Venise avec un service de baby-sitting sur r\u00e9servation - Hotel Kette","description":"S\u00e9journez \u00e0 l\u2019H\u00f4tel Kette, 4 \u00e9toiles \u00e0 Venise, avec service de baby-sitting sur demande. D\u00e9tente pour les parents, s\u00e9curit\u00e9 pour les enfants.","robots":{"index":"index","follow":"follow","max-snippet":"max-snippet:-1","max-image-preview":"max-image-preview:large","max-video-preview":"max-video-preview:-1"},"canonical":"https:\/\/www.hotelkette.com\/fr\/quel-hotel-a-venise-propose-un-service-de-baby-sitting-sur-reservation\/","og_locale":"fr_FR","og_type":"article","og_title":"H\u00f4tel \u00e0 Venise avec un service de baby-sitting sur r\u00e9servation - Hotel Kette","og_description":"S\u00e9journez \u00e0 l\u2019H\u00f4tel Kette, 4 \u00e9toiles \u00e0 Venise, avec service de baby-sitting sur demande. D\u00e9tente pour les parents, s\u00e9curit\u00e9 pour les enfants.","og_url":"https:\/\/www.hotelkette.com\/fr\/quel-hotel-a-venise-propose-un-service-de-baby-sitting-sur-reservation\/","og_site_name":"Hotel Kette","article_modified_time":"2025-07-30T13:14:59+00:00","og_image":[{"width":1920,"height":540,"url":"https:\/\/www.hotelkette.com\/wp-content\/uploads\/2025\/07\/Hotel-con-servizio-di-baby-sitter-su-richiesta.webp","type":"image\/webp"}],"twitter_card":"summary_large_image","twitter_misc":{"Dur\u00e9e de lecture estim\u00e9e":"3 minutes"},"schema":{"@context":"https:\/\/schema.org","@graph":[{"@type":"WebPage","@id":"https:\/\/www.hotelkette.com\/fr\/quel-hotel-a-venise-propose-un-service-de-baby-sitting-sur-reservation\/","url":"https:\/\/www.hotelkette.com\/fr\/quel-hotel-a-venise-propose-un-service-de-baby-sitting-sur-reservation\/","name":"H\u00f4tel \u00e0 Venise avec un service de baby-sitting sur r\u00e9servation - Hotel Kette","isPartOf":{"@id":"https:\/\/www.hotelkette.com\/fr\/#website"},"primaryImageOfPage":{"@id":"https:\/\/www.hotelkette.com\/fr\/quel-hotel-a-venise-propose-un-service-de-baby-sitting-sur-reservation\/#primaryimage"},"image":{"@id":"https:\/\/www.hotelkette.com\/fr\/quel-hotel-a-venise-propose-un-service-de-baby-sitting-sur-reservation\/#primaryimage"},"thumbnailUrl":"https:\/\/www.hotelkette.com\/wp-content\/uploads\/2025\/07\/Hotel-con-servizio-di-baby-sitter-su-richiesta.webp","datePublished":"2025-07-29T10:40:51+00:00","dateModified":"2025-07-30T13:14:59+00:00","description":"S\u00e9journez \u00e0 l\u2019H\u00f4tel Kette, 4 \u00e9toiles \u00e0 Venise, avec service de baby-sitting sur demande. D\u00e9tente pour les parents, s\u00e9curit\u00e9 pour les enfants.","breadcrumb":{"@id":"https:\/\/www.hotelkette.com\/fr\/quel-hotel-a-venise-propose-un-service-de-baby-sitting-sur-reservation\/#breadcrumb"},"inLanguage":"fr-FR","potentialAction":[{"@type":"ReadAction","target":["https:\/\/www.hotelkette.com\/fr\/quel-hotel-a-venise-propose-un-service-de-baby-sitting-sur-reservation\/"]}]},{"@type":"ImageObject","inLanguage":"fr-FR","@id":"https:\/\/www.hotelkette.com\/fr\/quel-hotel-a-venise-propose-un-service-de-baby-sitting-sur-reservation\/#primaryimage","url":"https:\/\/www.hotelkette.com\/wp-content\/uploads\/2025\/07\/Hotel-con-servizio-di-baby-sitter-su-richiesta.webp","contentUrl":"https:\/\/www.hotelkette.com\/wp-content\/uploads\/2025\/07\/Hotel-con-servizio-di-baby-sitter-su-richiesta.webp","width":1920,"height":540,"caption":"Quel h\u00f4tel \u00e0 Venise propose un service de baby-sitting sur r\u00e9servation?"},{"@type":"BreadcrumbList","@id":"https:\/\/www.hotelkette.com\/fr\/quel-hotel-a-venise-propose-un-service-de-baby-sitting-sur-reservation\/#breadcrumb","itemListElement":[{"@type":"ListItem","position":1,"name":"Home","item":"https:\/\/www.hotelkette.com\/fr\/"},{"@type":"ListItem","position":2,"name":"Quel h\u00f4tel \u00e0 Venise propose un service de baby-sitting sur r\u00e9servation?"}]},{"@type":"WebSite","@id":"https:\/\/www.hotelkette.com\/fr\/#website","url":"https:\/\/www.hotelkette.com\/fr\/","name":"Hotel Kette","description":"","publisher":{"@id":"https:\/\/www.hotelkette.com\/fr\/#organization"},"potentialAction":[{"@type":"SearchAction","target":{"@type":"EntryPoint","urlTemplate":"https:\/\/www.hotelkette.com\/fr\/?s={search_term_string}"},"query-input":{"@type":"PropertyValueSpecification","valueRequired":true,"valueName":"search_term_string"}}],"inLanguage":"fr-FR"},{"@type":"Organization","@id":"https:\/\/www.hotelkette.com\/fr\/#organization","name":"Hotel Kette srl","url":"https:\/\/www.hotelkette.com\/fr\/","logo":{"@type":"ImageObject","inLanguage":"fr-FR","@id":"https:\/\/www.hotelkette.com\/fr\/#\/schema\/logo\/image\/","url":"https:\/\/www.hotelkette.com\/wp-content\/uploads\/2023\/07\/Raggruppa-4.svg","contentUrl":"https:\/\/www.hotelkette.com\/wp-content\/uploads\/2023\/07\/Raggruppa-4.svg","width":332,"height":24,"caption":"Hotel Kette srl"},"image":{"@id":"https:\/\/www.hotelkette.com\/fr\/#\/schema\/logo\/image\/"}}]}},"_links":{"self":[{"href":"https:\/\/www.hotelkette.com\/fr\/wp-json\/wp\/v2\/pages\/3191","targetHints":{"allow":["GET"]}}],"collection":[{"href":"https:\/\/www.hotelkette.com\/fr\/wp-json\/wp\/v2\/pages"}],"about":[{"href":"https:\/\/www.hotelkette.com\/fr\/wp-json\/wp\/v2\/types\/page"}],"author":[{"embeddable":true,"href":"https:\/\/www.hotelkette.com\/fr\/wp-json\/wp\/v2\/users\/4"}],"replies":[{"embeddable":true,"href":"https:\/\/www.hotelkette.com\/fr\/wp-json\/wp\/v2\/comments?post=3191"}],"version-history":[{"count":2,"href":"https:\/\/www.hotelkette.com\/fr\/wp-json\/wp\/v2\/pages\/3191\/revisions"}],"predecessor-version":[{"id":3352,"href":"https:\/\/www.hotelkette.com\/fr\/wp-json\/wp\/v2\/pages\/3191\/revisions\/3352"}],"wp:featuredmedia":[{"embeddable":true,"href":"https:\/\/www.hotelkette.com\/fr\/wp-json\/wp\/v2\/media\/3181"}],"wp:attachment":[{"href":"https:\/\/www.hotelkette.com\/fr\/wp-json\/wp\/v2\/media?parent=3191"}],"curies":[{"name":"wp","href":"https:\/\/api.w.org\/{rel}","templated":true}]}}