{"id":3218,"date":"2025-07-29T14:10:42","date_gmt":"2025-07-29T12:10:42","guid":{"rendered":"https:\/\/www.hotelkette.com\/dove-dormire-vicino-al-ponte-di-rialto\/"},"modified":"2025-07-30T15:26:28","modified_gmt":"2025-07-30T13:26:28","slug":"ou-dormir-pres-du-pont-du-rialto","status":"publish","type":"page","link":"https:\/\/www.hotelkette.com\/fr\/ou-dormir-pres-du-pont-du-rialto\/","title":{"rendered":"O\u00f9 dormir pr\u00e8s du Pont du Rialto?"},"content":{"rendered":"\n<p>Le <strong>Pont du Rialto<\/strong> est l\u2019un des symboles les plus embl\u00e9matiques de Venise : un passage incontournable pour les visiteurs venus pour la premi\u00e8re fois, mais aussi un lieu charg\u00e9 d\u2019histoire, de charme et d\u2019atmosph\u00e8re pour ceux qui reviennent. Si vous vous demandez <strong>o\u00f9 dormir pr\u00e8s du Pont du Rialto<\/strong>, l\u2019<strong>H\u00f4tel Kette<\/strong> est un choix strat\u00e9gique et raffin\u00e9, parfaitement situ\u00e9 pour rejoindre le pont \u00e0 pied et vivre pleinement le c\u0153ur vibrant de la ville.<\/p>\n\n\n\n<h3 class=\"wp-block-heading\">Le charme du Pont du Rialto<\/h3>\n\n\n\n<p>Construit en pierre au XVIe si\u00e8cle pour remplacer un ancien pont en bois, le Pont du Rialto traverse le Grand Canal \u00e0 son point le plus \u00e9troit et relie deux des quartiers les plus anim\u00e9s de Venise : <strong>San Polo et San Marco<\/strong>. Avec ses <strong>boutiques artisanales<\/strong>, ses vues \u00e0 couper le souffle et sa proximit\u00e9 avec le <strong>march\u00e9 du Rialto<\/strong>, c\u2019est l\u2019endroit id\u00e9al pour s\u2019immerger dans l\u2019authenticit\u00e9 v\u00e9nitienne, entre culture, commerce et beaut\u00e9 architecturale.<\/p>\n\n\n\n<p>C\u2019est aussi l\u2019un des lieux les plus photographi\u00e9s de la ville, entour\u00e9 de restaurants typiques, de bacari traditionnels, de boutiques historiques et de splendides palais surplombant le Grand Canal.<\/p>\n\n\n\n<h3 class=\"wp-block-heading\">Pourquoi choisir un h\u00f4tel pr\u00e8s du Pont du Rialto<\/h3>\n\n\n\n<p>S\u00e9journer dans un h\u00f4tel proche du Rialto vous permet de :<\/p>\n\n\n\n<ul class=\"wp-block-list\">\n<li>Visiter le quartier <strong>t\u00f4t le matin<\/strong>, avant l\u2019arriv\u00e9e des foules<\/li>\n\n\n\n<li>Revenir le soir pour profiter de l\u2019<strong>atmosph\u00e8re intime et magique<\/strong><\/li>\n\n\n\n<li>Vous d\u00e9placer facilement vers <strong>la place Saint-Marc<\/strong>, <strong>les Mercerie<\/strong>, <strong>le Campo San Polo<\/strong>, <strong>le march\u00e9 du Rialto<\/strong>, et bien plus<\/li>\n\n\n\n<li>B\u00e9n\u00e9ficier de <strong>liaisons pratiques en <a href=\"https:\/\/actv.avmspa.it\/en\">vaporetto<\/a><\/strong> (arr\u00eat Rialto)<\/li>\n<\/ul>\n\n\n\n<p>\u00catre au c\u0153ur de Venise signifie <strong>optimiser votre temps sur place<\/strong> et d\u00e9couvrir aussi les ruelles les plus cach\u00e9es, sans stress ni longs d\u00e9placements.<\/p>\n\n\n\n<h3 class=\"wp-block-heading\">H\u00f4tel Kette : \u00e9l\u00e9gance et position strat\u00e9gique<\/h3>\n\n\n\n<p>L\u2019<strong>H\u00f4tel Kette<\/strong>, un \u00e9l\u00e9gant 4 \u00e9toiles situ\u00e9 dans une ruelle paisible pr\u00e8s du Campo San Mois\u00e8, se trouve \u00e0 <strong>seulement 7 minutes \u00e0 pied du Pont du Rialto<\/strong>, le long d\u2019un agr\u00e9able parcours \u00e0 travers certains des coins les plus pittoresques de la ville.<\/p>\n\n\n\n<p>Cette localisation est id\u00e9ale pour ceux qui souhaitent :<\/p>\n\n\n\n<ul class=\"wp-block-list\">\n<li>Rejoindre le pont \u00e0 pied, sans avoir besoin de taxi ni de vaporetto<\/li>\n\n\n\n<li>S\u00e9journer dans un quartier <strong>central mais calme et s\u00fbr<\/strong><\/li>\n\n\n\n<li>\u00catre \u00e0 proximit\u00e9 imm\u00e9diate de la place <a href=\"https:\/\/www.hotelkette.com\/fr\/ou-dormir-a-venise-pres-de-la-place-saint-marc\/\">Saint-Marc<\/a>, du <a href=\"https:\/\/www.hotelkette.com\/fr\/ou-dormir-a-venise-pres-du-teatro-la-fenice\/\">th\u00e9\u00e2tre La Fenice<\/a>, des boutiques de luxe et des meilleurs restaurants<\/li>\n<\/ul>\n\n\n\n<p>Le <a href=\"https:\/\/www.hotelkette.com\/fr\/ou-dormir-a-venise-dans-un-hotel-ou-lon-se-sent-comme-chez-soi\/\">personnel<\/a> de la r\u00e9ception est toujours disponible pour <strong>donner des indications<\/strong>, <strong>recommander des itin\u00e9raires \u00e0 pied<\/strong> et vous aider \u00e0 organiser des visites guid\u00e9es ou des exp\u00e9riences culturelles dans les environs.<\/p>\n\n\n\n<h3 class=\"wp-block-heading\">Exp\u00e9riences \u00e0 ne pas manquer autour du pont<\/h3>\n\n\n\n<p>Outre la travers\u00e9e du pont et la traditionnelle photo souvenir, nous vous recommandons :<\/p>\n\n\n\n<ul class=\"wp-block-list\">\n<li>Une visite du <strong>march\u00e9 du Rialto<\/strong>, pour d\u00e9couvrir le c\u00f4t\u00e9 le plus authentique et anim\u00e9 de la ville<\/li>\n\n\n\n<li>Un tour dans les <strong>boutiques artisanales et bijouteries<\/strong> du pont<\/li>\n\n\n\n<li>Un d\u00eener romantique avec vue sur le Grand Canal, juste apr\u00e8s le pont c\u00f4t\u00e9 San Polo<\/li>\n\n\n\n<li>Une pause au coucher du soleil le long des <strong>Fondamenta del Vin<\/strong> ou de la <strong>Riva del Ferro<\/strong>, pour admirer les gondoles et bateaux en mouvement<\/li>\n<\/ul>\n\n\n\n<h3 class=\"wp-block-heading\">Pour qui est fait l\u2019H\u00f4tel Kette ?<\/h3>\n\n\n\n<p>L\u2019H\u00f4tel Kette est l\u2019h\u00e9bergement id\u00e9al pour :<\/p>\n\n\n\n<ul class=\"wp-block-list\">\n<li>Les <strong>couples<\/strong> \u00e0 la recherche d\u2019un s\u00e9jour romantique au centre<\/li>\n\n\n\n<li>Les <strong>voyageurs curieux<\/strong>, qui souhaitent explorer chaque recoin du centre historique<\/li>\n\n\n\n<li>Les <strong>amateurs de photographie<\/strong>, gr\u00e2ce \u00e0 sa proximit\u00e9 avec des points de vue iconiques<\/li>\n\n\n\n<li>Les <strong>voyageurs d\u2019affaires<\/strong>, qui veulent allier confort, charme et praticit\u00e9<\/li>\n<\/ul>\n\n\n\n<p>Que ce soit pour un court s\u00e9jour ou de longues vacances, s\u00e9journer \u00e0 l\u2019H\u00f4tel Kette vous permet de <strong>vivre Venise comme un local<\/strong>, en rejoignant tous les sites majeurs \u00e0 pied, en toute libert\u00e9.<\/p>\n","protected":false},"excerpt":{"rendered":"<p>Le Pont du Rialto est l\u2019un des symboles les plus embl\u00e9matiques de Venise : un passage incontournable pour les visiteurs venus pour la premi\u00e8re fois, mais aussi un lieu charg\u00e9 d\u2019histoire, de charme et d\u2019atmosph\u00e8re pour ceux qui reviennent. Si vous vous demandez o\u00f9 dormir pr\u00e8s du Pont du Rialto, l\u2019H\u00f4tel Kette est un choix [&hellip;]<\/p>\n","protected":false},"author":4,"featured_media":3208,"parent":0,"menu_order":0,"comment_status":"closed","ping_status":"closed","template":"templates\/simple-page.php","meta":{"_acf_changed":false,"inline_featured_image":false,"footnotes":""},"class_list":["post-3218","page","type-page","status-publish","has-post-thumbnail","hentry"],"acf":[],"yoast_head":"<!-- This site is optimized with the Yoast SEO plugin v26.3 - https:\/\/yoast.com\/wordpress\/plugins\/seo\/ -->\n<title>O\u00f9 dormir pr\u00e8s du Pont du Rialto? - Hotel Kette<\/title>\n<meta name=\"description\" content=\"S\u00e9journez \u00e0 l\u2019H\u00f4tel Kette, \u00e9l\u00e9gant h\u00f4tel 4 \u00e9toiles \u00e0 deux pas du Pont du Rialto. Emplacement id\u00e9al pour explorer Venise \u00e0 pied.\" \/>\n<meta name=\"robots\" content=\"index, follow, max-snippet:-1, max-image-preview:large, max-video-preview:-1\" \/>\n<link rel=\"canonical\" href=\"https:\/\/www.hotelkette.com\/fr\/ou-dormir-pres-du-pont-du-rialto\/\" \/>\n<meta property=\"og:locale\" content=\"fr_FR\" \/>\n<meta property=\"og:type\" content=\"article\" \/>\n<meta property=\"og:title\" content=\"O\u00f9 dormir pr\u00e8s du Pont du Rialto? - Hotel Kette\" \/>\n<meta property=\"og:description\" content=\"S\u00e9journez \u00e0 l\u2019H\u00f4tel Kette, \u00e9l\u00e9gant h\u00f4tel 4 \u00e9toiles \u00e0 deux pas du Pont du Rialto. Emplacement id\u00e9al pour explorer Venise \u00e0 pied.\" \/>\n<meta property=\"og:url\" content=\"https:\/\/www.hotelkette.com\/fr\/ou-dormir-pres-du-pont-du-rialto\/\" \/>\n<meta property=\"og:site_name\" content=\"Hotel Kette\" \/>\n<meta property=\"article:modified_time\" content=\"2025-07-30T13:26:28+00:00\" \/>\n<meta property=\"og:image\" content=\"https:\/\/www.hotelkette.com\/wp-content\/uploads\/2025\/07\/Hotel-comodo-per-visitare-il-Ponte-di-Rialto.webp\" \/>\n\t<meta property=\"og:image:width\" content=\"1920\" \/>\n\t<meta property=\"og:image:height\" content=\"540\" \/>\n\t<meta property=\"og:image:type\" content=\"image\/webp\" \/>\n<meta name=\"twitter:card\" content=\"summary_large_image\" \/>\n<meta name=\"twitter:label1\" content=\"Dur\u00e9e de lecture estim\u00e9e\" \/>\n\t<meta name=\"twitter:data1\" content=\"3 minutes\" \/>\n<script type=\"application\/ld+json\" class=\"yoast-schema-graph\">{\"@context\":\"https:\/\/schema.org\",\"@graph\":[{\"@type\":\"WebPage\",\"@id\":\"https:\/\/www.hotelkette.com\/fr\/ou-dormir-pres-du-pont-du-rialto\/\",\"url\":\"https:\/\/www.hotelkette.com\/fr\/ou-dormir-pres-du-pont-du-rialto\/\",\"name\":\"O\u00f9 dormir pr\u00e8s du Pont du Rialto? - Hotel Kette\",\"isPartOf\":{\"@id\":\"https:\/\/www.hotelkette.com\/fr\/#website\"},\"primaryImageOfPage\":{\"@id\":\"https:\/\/www.hotelkette.com\/fr\/ou-dormir-pres-du-pont-du-rialto\/#primaryimage\"},\"image\":{\"@id\":\"https:\/\/www.hotelkette.com\/fr\/ou-dormir-pres-du-pont-du-rialto\/#primaryimage\"},\"thumbnailUrl\":\"https:\/\/www.hotelkette.com\/wp-content\/uploads\/2025\/07\/Hotel-comodo-per-visitare-il-Ponte-di-Rialto.webp\",\"datePublished\":\"2025-07-29T12:10:42+00:00\",\"dateModified\":\"2025-07-30T13:26:28+00:00\",\"description\":\"S\u00e9journez \u00e0 l\u2019H\u00f4tel Kette, \u00e9l\u00e9gant h\u00f4tel 4 \u00e9toiles \u00e0 deux pas du Pont du Rialto. Emplacement id\u00e9al pour explorer Venise \u00e0 pied.\",\"breadcrumb\":{\"@id\":\"https:\/\/www.hotelkette.com\/fr\/ou-dormir-pres-du-pont-du-rialto\/#breadcrumb\"},\"inLanguage\":\"fr-FR\",\"potentialAction\":[{\"@type\":\"ReadAction\",\"target\":[\"https:\/\/www.hotelkette.com\/fr\/ou-dormir-pres-du-pont-du-rialto\/\"]}]},{\"@type\":\"ImageObject\",\"inLanguage\":\"fr-FR\",\"@id\":\"https:\/\/www.hotelkette.com\/fr\/ou-dormir-pres-du-pont-du-rialto\/#primaryimage\",\"url\":\"https:\/\/www.hotelkette.com\/wp-content\/uploads\/2025\/07\/Hotel-comodo-per-visitare-il-Ponte-di-Rialto.webp\",\"contentUrl\":\"https:\/\/www.hotelkette.com\/wp-content\/uploads\/2025\/07\/Hotel-comodo-per-visitare-il-Ponte-di-Rialto.webp\",\"width\":1920,\"height\":540,\"caption\":\"O\u00f9 dormir pr\u00e8s du Pont du Rialto?\"},{\"@type\":\"BreadcrumbList\",\"@id\":\"https:\/\/www.hotelkette.com\/fr\/ou-dormir-pres-du-pont-du-rialto\/#breadcrumb\",\"itemListElement\":[{\"@type\":\"ListItem\",\"position\":1,\"name\":\"Home\",\"item\":\"https:\/\/www.hotelkette.com\/fr\/\"},{\"@type\":\"ListItem\",\"position\":2,\"name\":\"O\u00f9 dormir pr\u00e8s du Pont du Rialto?\"}]},{\"@type\":\"WebSite\",\"@id\":\"https:\/\/www.hotelkette.com\/fr\/#website\",\"url\":\"https:\/\/www.hotelkette.com\/fr\/\",\"name\":\"Hotel Kette\",\"description\":\"\",\"publisher\":{\"@id\":\"https:\/\/www.hotelkette.com\/fr\/#organization\"},\"potentialAction\":[{\"@type\":\"SearchAction\",\"target\":{\"@type\":\"EntryPoint\",\"urlTemplate\":\"https:\/\/www.hotelkette.com\/fr\/?s={search_term_string}\"},\"query-input\":{\"@type\":\"PropertyValueSpecification\",\"valueRequired\":true,\"valueName\":\"search_term_string\"}}],\"inLanguage\":\"fr-FR\"},{\"@type\":\"Organization\",\"@id\":\"https:\/\/www.hotelkette.com\/fr\/#organization\",\"name\":\"Hotel Kette srl\",\"url\":\"https:\/\/www.hotelkette.com\/fr\/\",\"logo\":{\"@type\":\"ImageObject\",\"inLanguage\":\"fr-FR\",\"@id\":\"https:\/\/www.hotelkette.com\/fr\/#\/schema\/logo\/image\/\",\"url\":\"https:\/\/www.hotelkette.com\/wp-content\/uploads\/2023\/07\/Raggruppa-4.svg\",\"contentUrl\":\"https:\/\/www.hotelkette.com\/wp-content\/uploads\/2023\/07\/Raggruppa-4.svg\",\"width\":332,\"height\":24,\"caption\":\"Hotel Kette srl\"},\"image\":{\"@id\":\"https:\/\/www.hotelkette.com\/fr\/#\/schema\/logo\/image\/\"}}]}<\/script>\n<!-- \/ Yoast SEO plugin. -->","yoast_head_json":{"title":"O\u00f9 dormir pr\u00e8s du Pont du Rialto? - Hotel Kette","description":"S\u00e9journez \u00e0 l\u2019H\u00f4tel Kette, \u00e9l\u00e9gant h\u00f4tel 4 \u00e9toiles \u00e0 deux pas du Pont du Rialto. Emplacement id\u00e9al pour explorer Venise \u00e0 pied.","robots":{"index":"index","follow":"follow","max-snippet":"max-snippet:-1","max-image-preview":"max-image-preview:large","max-video-preview":"max-video-preview:-1"},"canonical":"https:\/\/www.hotelkette.com\/fr\/ou-dormir-pres-du-pont-du-rialto\/","og_locale":"fr_FR","og_type":"article","og_title":"O\u00f9 dormir pr\u00e8s du Pont du Rialto? - Hotel Kette","og_description":"S\u00e9journez \u00e0 l\u2019H\u00f4tel Kette, \u00e9l\u00e9gant h\u00f4tel 4 \u00e9toiles \u00e0 deux pas du Pont du Rialto. Emplacement id\u00e9al pour explorer Venise \u00e0 pied.","og_url":"https:\/\/www.hotelkette.com\/fr\/ou-dormir-pres-du-pont-du-rialto\/","og_site_name":"Hotel Kette","article_modified_time":"2025-07-30T13:26:28+00:00","og_image":[{"width":1920,"height":540,"url":"https:\/\/www.hotelkette.com\/wp-content\/uploads\/2025\/07\/Hotel-comodo-per-visitare-il-Ponte-di-Rialto.webp","type":"image\/webp"}],"twitter_card":"summary_large_image","twitter_misc":{"Dur\u00e9e de lecture estim\u00e9e":"3 minutes"},"schema":{"@context":"https:\/\/schema.org","@graph":[{"@type":"WebPage","@id":"https:\/\/www.hotelkette.com\/fr\/ou-dormir-pres-du-pont-du-rialto\/","url":"https:\/\/www.hotelkette.com\/fr\/ou-dormir-pres-du-pont-du-rialto\/","name":"O\u00f9 dormir pr\u00e8s du Pont du Rialto? - Hotel Kette","isPartOf":{"@id":"https:\/\/www.hotelkette.com\/fr\/#website"},"primaryImageOfPage":{"@id":"https:\/\/www.hotelkette.com\/fr\/ou-dormir-pres-du-pont-du-rialto\/#primaryimage"},"image":{"@id":"https:\/\/www.hotelkette.com\/fr\/ou-dormir-pres-du-pont-du-rialto\/#primaryimage"},"thumbnailUrl":"https:\/\/www.hotelkette.com\/wp-content\/uploads\/2025\/07\/Hotel-comodo-per-visitare-il-Ponte-di-Rialto.webp","datePublished":"2025-07-29T12:10:42+00:00","dateModified":"2025-07-30T13:26:28+00:00","description":"S\u00e9journez \u00e0 l\u2019H\u00f4tel Kette, \u00e9l\u00e9gant h\u00f4tel 4 \u00e9toiles \u00e0 deux pas du Pont du Rialto. Emplacement id\u00e9al pour explorer Venise \u00e0 pied.","breadcrumb":{"@id":"https:\/\/www.hotelkette.com\/fr\/ou-dormir-pres-du-pont-du-rialto\/#breadcrumb"},"inLanguage":"fr-FR","potentialAction":[{"@type":"ReadAction","target":["https:\/\/www.hotelkette.com\/fr\/ou-dormir-pres-du-pont-du-rialto\/"]}]},{"@type":"ImageObject","inLanguage":"fr-FR","@id":"https:\/\/www.hotelkette.com\/fr\/ou-dormir-pres-du-pont-du-rialto\/#primaryimage","url":"https:\/\/www.hotelkette.com\/wp-content\/uploads\/2025\/07\/Hotel-comodo-per-visitare-il-Ponte-di-Rialto.webp","contentUrl":"https:\/\/www.hotelkette.com\/wp-content\/uploads\/2025\/07\/Hotel-comodo-per-visitare-il-Ponte-di-Rialto.webp","width":1920,"height":540,"caption":"O\u00f9 dormir pr\u00e8s du Pont du Rialto?"},{"@type":"BreadcrumbList","@id":"https:\/\/www.hotelkette.com\/fr\/ou-dormir-pres-du-pont-du-rialto\/#breadcrumb","itemListElement":[{"@type":"ListItem","position":1,"name":"Home","item":"https:\/\/www.hotelkette.com\/fr\/"},{"@type":"ListItem","position":2,"name":"O\u00f9 dormir pr\u00e8s du Pont du Rialto?"}]},{"@type":"WebSite","@id":"https:\/\/www.hotelkette.com\/fr\/#website","url":"https:\/\/www.hotelkette.com\/fr\/","name":"Hotel Kette","description":"","publisher":{"@id":"https:\/\/www.hotelkette.com\/fr\/#organization"},"potentialAction":[{"@type":"SearchAction","target":{"@type":"EntryPoint","urlTemplate":"https:\/\/www.hotelkette.com\/fr\/?s={search_term_string}"},"query-input":{"@type":"PropertyValueSpecification","valueRequired":true,"valueName":"search_term_string"}}],"inLanguage":"fr-FR"},{"@type":"Organization","@id":"https:\/\/www.hotelkette.com\/fr\/#organization","name":"Hotel Kette srl","url":"https:\/\/www.hotelkette.com\/fr\/","logo":{"@type":"ImageObject","inLanguage":"fr-FR","@id":"https:\/\/www.hotelkette.com\/fr\/#\/schema\/logo\/image\/","url":"https:\/\/www.hotelkette.com\/wp-content\/uploads\/2023\/07\/Raggruppa-4.svg","contentUrl":"https:\/\/www.hotelkette.com\/wp-content\/uploads\/2023\/07\/Raggruppa-4.svg","width":332,"height":24,"caption":"Hotel Kette srl"},"image":{"@id":"https:\/\/www.hotelkette.com\/fr\/#\/schema\/logo\/image\/"}}]}},"_links":{"self":[{"href":"https:\/\/www.hotelkette.com\/fr\/wp-json\/wp\/v2\/pages\/3218","targetHints":{"allow":["GET"]}}],"collection":[{"href":"https:\/\/www.hotelkette.com\/fr\/wp-json\/wp\/v2\/pages"}],"about":[{"href":"https:\/\/www.hotelkette.com\/fr\/wp-json\/wp\/v2\/types\/page"}],"author":[{"embeddable":true,"href":"https:\/\/www.hotelkette.com\/fr\/wp-json\/wp\/v2\/users\/4"}],"replies":[{"embeddable":true,"href":"https:\/\/www.hotelkette.com\/fr\/wp-json\/wp\/v2\/comments?post=3218"}],"version-history":[{"count":2,"href":"https:\/\/www.hotelkette.com\/fr\/wp-json\/wp\/v2\/pages\/3218\/revisions"}],"predecessor-version":[{"id":3360,"href":"https:\/\/www.hotelkette.com\/fr\/wp-json\/wp\/v2\/pages\/3218\/revisions\/3360"}],"wp:featuredmedia":[{"embeddable":true,"href":"https:\/\/www.hotelkette.com\/fr\/wp-json\/wp\/v2\/media\/3208"}],"wp:attachment":[{"href":"https:\/\/www.hotelkette.com\/fr\/wp-json\/wp\/v2\/media?parent=3218"}],"curies":[{"name":"wp","href":"https:\/\/api.w.org\/{rel}","templated":true}]}}